{"id":15,"date":"2012-12-06T21:14:37","date_gmt":"2012-12-06T20:14:37","guid":{"rendered":"http:\/\/www2.dame-a-la-licorne.com\/actualites\/"},"modified":"2026-02-24T13:50:44","modified_gmt":"2026-02-24T12:50:44","slug":"actualites","status":"publish","type":"page","link":"https:\/\/www.dame-a-la-licorne.com\/?page_id=15","title":{"rendered":"Actualit\u00e9s"},"content":{"rendered":"\n<p><strong>Le 21 f\u00e9vrier 2026 : Carnaval \u00e0 la Madeleine !<\/strong> <\/p>\n\n\n\n<p><a href=\"https:\/\/www.lechorepublicain.fr\/chartres-28000\/loisirs\/des-costumes-gratuits-pour-les-enfants-du-quartier-de-la-madeleine_14820406\/\">Des costumes gratuits pour les enfants du quartier de la Madeleine &#8211; L\u2019\u00c9cho R\u00e9publicain<\/a><\/p>\n\n\n\n<p><a href=\"https:\/\/www.lechorepublicain.fr\/chartres-28000\/loisirs\/un-carnaval-se-tiendra-au-quartier-de-la-madeleine-samedi-21-fevrier_14817183\/\">Un carnaval se tiendra au quartier de la Madeleine samedi 21 f\u00e9vrier &#8211; L\u2019\u00c9cho R\u00e9publicain<\/a><\/p>\n\n\n<p><strong>Un soutien pr\u00e9cieux<\/strong> pour r\u00e9parer nos machines \u00e0 coudre :\u00a0<a href=\"https:\/\/www.lechorepublicain.fr\/nogent-le-roi-28210\/actualites\/la-dame-a-la-licorne-a-trouve-lidee_14799072\/\">La Dame \u00e0 la Licorne a trouv\u00e9 L\u2019ID\u00c9E &#8211; L\u2019\u00c9cho R\u00e9publicain<\/a><\/p>\n<p><strong>Festival des solidarit\u00e9s au Compa <\/strong>: La Dame \u00e0 la Licorne \u00e9tait pr\u00e9sente : <a href=\"https:\/\/www.lechorepublicain.fr\/chartres-28000\/loisirs\/festisol-lart-pour-la-solidarite_14786404\/\">Festisol : l\u2019art pour la solidarit\u00e9 &#8211; L\u2019\u00c9cho R\u00e9publicain<\/a><\/p>\n<p><strong>30 ans, \u00e7a se f\u00eate !<\/strong> <a href=\"https:\/\/www.lechorepublicain.fr\/chartres-28000\/economie\/au-quartier-de-la-madeleine-30-ans-de-costumes-d-epoque-cousus-main-par-l-association-la-dame-a-la-licorne-sont-sous-les-projecteurs_14766915\/\">30 ans de costumes d&rsquo;\u00e9poque cousus main par l&rsquo;association La dame \u00e0 la licorne sont sous les projecteurs \u00e0 Chartres &#8211; L\u2019\u00c9cho R\u00e9publicain<\/a><\/p>\n<p><a href=\"https:\/\/www.lechorepublicain.fr\/chartres-28000\/actualites\/dame-a-la-licorne-30-ans-et-3-500-costumes-valent-bien-un-anniversaire_14763528\/\">Dame \u00e0 La Licorne : 30 ans et 3.500 costumes valent bien un anniversaire &#8211; L\u2019\u00c9cho R\u00e9publicain<\/a><\/p>\n<p><a href=\"https:\/\/www.chartres.fr\/actualites\/detail\/la-dame-a-la-licorne-30-ans-au-service-de-linclusion\">La Dame \u00e0 la Licorne 30 ans au service de l&rsquo;inclusion &#8211; Chartres<\/a><\/p>\n<p style=\"text-align: left;\"><strong>Notre boutique solidaire \u00ab\u00a0La Licorne Solidaire\u00a0\u00bb<\/strong> a ouvert ses portes le 7 Octobre 2024 au 37 Mail Jean de<br \/>Dunois, 28000 Chartres. Le magasin est ouvert du <strong>mardi au vendredi de 10h \u00e0 12h et de 13H15 \u00e0 15h45 <\/strong>(ferm\u00e9 le lundi).<br \/>Vous y trouverez \u00e0 la vente des v\u00eatements issus de la seconde main, des pelotes de laine, des rubans et de la dentelle , des bobines de fils et autres accessoires, des boutons, des tissus et des coupons<\/p>\n<p style=\"text-align: left;\">Pour tous renseignements n\u2019h\u00e9sitez \u00e0 nous contacter au 06 85 70 52 35 .<\/p>\n<div style=\"width: 244px\" class=\"wp-caption aligncenter\"><img loading=\"lazy\" decoding=\"async\" title=\"boutique solidaire\" src=\"https:\/\/encrypted-tbn0.gstatic.com\/images?q=tbn:ANd9GcSk9vG6DkimxGT4RjrvQYpFlsdSoAm4ryD0n_Fst_rQf2bRYlZSA99OsKKwJqF97rbe3xQ&amp;usqp=CAU\" alt=\"La Dame \u00e0 la Licorne\" width=\"234\" height=\"234\" \/><p class=\"wp-caption-text\">Notre boutique solidaire<\/p><\/div>","protected":false},"excerpt":{"rendered":"<p>Le 21 f\u00e9vrier 2026 : Carnaval \u00e0 la Madeleine ! Des costumes gratuits pour les enfants du quartier de la Madeleine &#8211; L\u2019\u00c9cho R\u00e9publicain Un carnaval se tiendra au quartier de la Madeleine samedi 21 f\u00e9vrier &#8211; L\u2019\u00c9cho R\u00e9publicain Un soutien pr\u00e9cieux pour r\u00e9parer nos machines \u00e0 coudre :\u00a0La Dame \u00e0 la Licorne a trouv\u00e9 [&#038;hellip<\/p>\n","protected":false},"author":1,"featured_media":0,"parent":0,"menu_order":13,"comment_status":"closed","ping_status":"open","template":"","meta":{"footnotes":""},"class_list":["post-15","page","type-page","status-publish","hentry"],"_links":{"self":[{"href":"https:\/\/www.dame-a-la-licorne.com\/index.php?rest_route=\/wp\/v2\/pages\/15","targetHints":{"allow":["GET"]}}],"collection":[{"href":"https:\/\/www.dame-a-la-licorne.com\/index.php?rest_route=\/wp\/v2\/pages"}],"about":[{"href":"https:\/\/www.dame-a-la-licorne.com\/index.php?rest_route=\/wp\/v2\/types\/page"}],"author":[{"embeddable":true,"href":"https:\/\/www.dame-a-la-licorne.com\/index.php?rest_route=\/wp\/v2\/users\/1"}],"replies":[{"embeddable":true,"href":"https:\/\/www.dame-a-la-licorne.com\/index.php?rest_route=%2Fwp%2Fv2%2Fcomments&post=15"}],"version-history":[{"count":25,"href":"https:\/\/www.dame-a-la-licorne.com\/index.php?rest_route=\/wp\/v2\/pages\/15\/revisions"}],"predecessor-version":[{"id":2447,"href":"https:\/\/www.dame-a-la-licorne.com\/index.php?rest_route=\/wp\/v2\/pages\/15\/revisions\/2447"}],"wp:attachment":[{"href":"https:\/\/www.dame-a-la-licorne.com\/index.php?rest_route=%2Fwp%2Fv2%2Fmedia&parent=15"}],"curies":[{"name":"wp","href":"https:\/\/api.w.org\/{rel}","templated":true}]}}