{"id":1833,"date":"2019-09-13T13:55:55","date_gmt":"2019-09-13T12:55:55","guid":{"rendered":"http:\/\/localhost\/dame-a-la-licorne\/?page_id=1833"},"modified":"2019-09-18T12:57:35","modified_gmt":"2019-09-18T11:57:35","slug":"location","status":"publish","type":"page","link":"https:\/\/www.dame-a-la-licorne.com\/?page_id=1833","title":{"rendered":"Location"},"content":{"rendered":"\n<p style=\"font-size:14px\">La Dame \u00e0 la Licorne dispose de plus de 3000 costumes du m\u00e9di\u00e9val au contemporain, qu&rsquo;il vous est possible de louer. La location comprend le costume et les principaux accessoires.<\/p>\n\n\n\n<p style=\"font-size:14px\">L&rsquo;assistant-e costumier-i\u00e8re vous recevra sur RDV afin de proc\u00e9der au rep\u00e9rage, aux essayages et confirmer votre r\u00e9servation.<\/p>\n\n\n\n<p style=\"font-size:14px\">Le magasin est ouvert du lundi au vendredi (9h00 &#8211; 12h00, 13h00 &#8211; 17h00).<\/p>\n\n\n\n<p style=\"font-size:14px\">Nous sommes en mesure de r\u00e9pondre \u00e0 vos attentes en toute occasion&nbsp;:<\/p>\n\n\n\n<br><ul><li> <em><strong>Spectacle, th\u00e9\u00e2tre, galas de danse<\/strong><\/em><strong> <\/strong><\/li><li><strong> <\/strong><em><strong>D\u00eeners spectacles<br><\/strong><\/em><strong> <\/strong><\/li><li><strong> <\/strong><em><strong>D\u00e9fil\u00e9s, parades costum\u00e9es<br><\/strong><\/em><strong> <\/strong><\/li><li><strong> <\/strong><em><strong>Animations culturelles de sites, de monuments, de rue<br><\/strong><\/em><strong> <\/strong><\/li><li><strong> <\/strong><em><strong>Arbres de No\u00ebl<br><\/strong><\/em><strong> <\/strong><\/li><li><strong> <\/strong><em><strong>F\u00eates priv\u00e9es (anniversaire, mariage\u2026)<br><\/strong><\/em><strong> <\/strong><\/li><li><strong> <\/strong><em><strong>Photos en costumes d\u2019\u00e9poque<br><\/strong><\/em><strong> <\/strong><\/li><li><strong> <\/strong><em><strong>Soir\u00e9e \u00e0 th\u00e8me<\/strong><\/em><strong> <\/strong><\/li><\/ul>\n\n\n\n\n\n<ul class=\"wp-block-gallery columns-3 is-cropped wp-block-gallery-1 is-layout-flex wp-block-gallery-is-layout-flex\"><li class=\"blocks-gallery-item\"><figure><img loading=\"lazy\" decoding=\"async\" width=\"854\" height=\"1024\" src=\"http:\/\/localhost\/dame-a-la-licorne\/wp-content\/uploads\/2019\/09\/177-3-854x1024.jpg\" alt=\"\" data-id=\"1840\" data-link=\"http:\/\/localhost\/dame-a-la-licorne\/nos-services\/location\/attachment\/177-3\/\" class=\"wp-image-1840\" srcset=\"https:\/\/www.dame-a-la-licorne.com\/wp-content\/uploads\/2019\/09\/177-3-854x1024.jpg 854w, https:\/\/www.dame-a-la-licorne.com\/wp-content\/uploads\/2019\/09\/177-3-125x150.jpg 125w, https:\/\/www.dame-a-la-licorne.com\/wp-content\/uploads\/2019\/09\/177-3-250x300.jpg 250w, https:\/\/www.dame-a-la-licorne.com\/wp-content\/uploads\/2019\/09\/177-3-768x921.jpg 768w, https:\/\/www.dame-a-la-licorne.com\/wp-content\/uploads\/2019\/09\/177-3-300x360.jpg 300w\" sizes=\"auto, (max-width: 854px) 100vw, 854px\" \/><\/figure><\/li><li class=\"blocks-gallery-item\"><figure><img loading=\"lazy\" decoding=\"async\" width=\"853\" height=\"1024\" src=\"http:\/\/localhost\/dame-a-la-licorne\/wp-content\/uploads\/2019\/09\/198-4-853x1024.jpg\" alt=\"\" data-id=\"1842\" data-link=\"http:\/\/localhost\/dame-a-la-licorne\/nos-services\/location\/attachment\/198-4\/\" class=\"wp-image-1842\" srcset=\"https:\/\/www.dame-a-la-licorne.com\/wp-content\/uploads\/2019\/09\/198-4-853x1024.jpg 853w, https:\/\/www.dame-a-la-licorne.com\/wp-content\/uploads\/2019\/09\/198-4-125x150.jpg 125w, https:\/\/www.dame-a-la-licorne.com\/wp-content\/uploads\/2019\/09\/198-4-250x300.jpg 250w, https:\/\/www.dame-a-la-licorne.com\/wp-content\/uploads\/2019\/09\/198-4-768x922.jpg 768w, https:\/\/www.dame-a-la-licorne.com\/wp-content\/uploads\/2019\/09\/198-4-300x360.jpg 300w\" sizes=\"auto, (max-width: 853px) 100vw, 853px\" \/><\/figure><\/li><li class=\"blocks-gallery-item\"><figure><img loading=\"lazy\" decoding=\"async\" width=\"665\" height=\"732\" src=\"http:\/\/localhost\/dame-a-la-licorne\/wp-content\/uploads\/2019\/09\/2011-07-14-05.14.22-3.jpg\" alt=\"\" data-id=\"1844\" data-link=\"http:\/\/localhost\/dame-a-la-licorne\/nos-services\/location\/attachment\/2011-07-14-05-14-22-3\/\" class=\"wp-image-1844\" srcset=\"https:\/\/www.dame-a-la-licorne.com\/wp-content\/uploads\/2019\/09\/2011-07-14-05.14.22-3.jpg 665w, https:\/\/www.dame-a-la-licorne.com\/wp-content\/uploads\/2019\/09\/2011-07-14-05.14.22-3-136x150.jpg 136w, https:\/\/www.dame-a-la-licorne.com\/wp-content\/uploads\/2019\/09\/2011-07-14-05.14.22-3-273x300.jpg 273w, https:\/\/www.dame-a-la-licorne.com\/wp-content\/uploads\/2019\/09\/2011-07-14-05.14.22-3-327x360.jpg 327w\" sizes=\"auto, (max-width: 665px) 100vw, 665px\" \/><\/figure><\/li><li class=\"blocks-gallery-item\"><figure><img loading=\"lazy\" decoding=\"async\" width=\"768\" height=\"1024\" src=\"http:\/\/localhost\/dame-a-la-licorne\/wp-content\/uploads\/2019\/09\/IMG_0569-768x1024.jpg\" alt=\"\" data-id=\"1846\" data-link=\"http:\/\/localhost\/dame-a-la-licorne\/nos-services\/location\/attachment\/img_0569\/\" class=\"wp-image-1846\" srcset=\"https:\/\/www.dame-a-la-licorne.com\/wp-content\/uploads\/2019\/09\/IMG_0569-768x1024.jpg 768w, https:\/\/www.dame-a-la-licorne.com\/wp-content\/uploads\/2019\/09\/IMG_0569-113x150.jpg 113w, https:\/\/www.dame-a-la-licorne.com\/wp-content\/uploads\/2019\/09\/IMG_0569-225x300.jpg 225w, https:\/\/www.dame-a-la-licorne.com\/wp-content\/uploads\/2019\/09\/IMG_0569-270x360.jpg 270w\" sizes=\"auto, (max-width: 768px) 100vw, 768px\" \/><\/figure><\/li><li class=\"blocks-gallery-item\"><figure><img loading=\"lazy\" decoding=\"async\" width=\"518\" height=\"776\" src=\"http:\/\/localhost\/dame-a-la-licorne\/wp-content\/uploads\/2012\/12\/DSC-1103.jpg\" alt=\"\" data-id=\"130\" data-link=\"http:\/\/localhost\/dame-a-la-licorne\/galerie-de-photos\/creations\/attachment\/dsc-1103\/\" class=\"wp-image-130\" srcset=\"https:\/\/www.dame-a-la-licorne.com\/wp-content\/uploads\/2012\/12\/DSC-1103.jpg 518w, https:\/\/www.dame-a-la-licorne.com\/wp-content\/uploads\/2012\/12\/DSC-1103-100x150.jpg 100w, https:\/\/www.dame-a-la-licorne.com\/wp-content\/uploads\/2012\/12\/DSC-1103-200x300.jpg 200w, https:\/\/www.dame-a-la-licorne.com\/wp-content\/uploads\/2012\/12\/DSC-1103-240x360.jpg 240w\" sizes=\"auto, (max-width: 518px) 100vw, 518px\" \/><\/figure><\/li><li class=\"blocks-gallery-item\"><figure><img loading=\"lazy\" decoding=\"async\" width=\"1024\" height=\"858\" src=\"http:\/\/localhost\/dame-a-la-licorne\/wp-content\/uploads\/2019\/09\/P1000065-2-1024x858.jpg\" alt=\"\" data-id=\"1847\" data-link=\"http:\/\/localhost\/dame-a-la-licorne\/nos-services\/location\/attachment\/p1000065-2\/\" class=\"wp-image-1847\" srcset=\"https:\/\/www.dame-a-la-licorne.com\/wp-content\/uploads\/2019\/09\/P1000065-2-1024x858.jpg 1024w, https:\/\/www.dame-a-la-licorne.com\/wp-content\/uploads\/2019\/09\/P1000065-2-150x126.jpg 150w, https:\/\/www.dame-a-la-licorne.com\/wp-content\/uploads\/2019\/09\/P1000065-2-300x251.jpg 300w, https:\/\/www.dame-a-la-licorne.com\/wp-content\/uploads\/2019\/09\/P1000065-2-768x644.jpg 768w, https:\/\/www.dame-a-la-licorne.com\/wp-content\/uploads\/2019\/09\/P1000065-2-430x360.jpg 430w\" sizes=\"auto, (max-width: 1024px) 100vw, 1024px\" \/><\/figure><\/li><li class=\"blocks-gallery-item\"><figure><img loading=\"lazy\" decoding=\"async\" width=\"768\" height=\"1024\" src=\"http:\/\/localhost\/dame-a-la-licorne\/wp-content\/uploads\/2019\/09\/c67-1-768x1024.jpg\" alt=\"\" data-id=\"1761\" data-link=\"http:\/\/localhost\/dame-a-la-licorne\/?attachment_id=1761\" class=\"wp-image-1761\" srcset=\"https:\/\/www.dame-a-la-licorne.com\/wp-content\/uploads\/2019\/09\/c67-1-768x1024.jpg 768w, https:\/\/www.dame-a-la-licorne.com\/wp-content\/uploads\/2019\/09\/c67-1-113x150.jpg 113w, https:\/\/www.dame-a-la-licorne.com\/wp-content\/uploads\/2019\/09\/c67-1-225x300.jpg 225w, https:\/\/www.dame-a-la-licorne.com\/wp-content\/uploads\/2019\/09\/c67-1-270x360.jpg 270w\" sizes=\"auto, (max-width: 768px) 100vw, 768px\" \/><\/figure><\/li><\/ul>\n","protected":false},"excerpt":{"rendered":"<p>La Dame \u00e0 la Licorne dispose de plus de 3000 costumes du m\u00e9di\u00e9val au contemporain, qu&rsquo;il vous est possible de louer. La location comprend le costume et les principaux accessoires. L&rsquo;assistant-e costumier-i\u00e8re vous recevra sur RDV afin de proc\u00e9der au rep\u00e9rage, aux essayages et confirmer votre r\u00e9servation. Le magasin est ouvert du lundi au vendredi [&#038;hellip<\/p>\n","protected":false},"author":1,"featured_media":0,"parent":1460,"menu_order":1,"comment_status":"closed","ping_status":"closed","template":"","meta":{"footnotes":""},"class_list":["post-1833","page","type-page","status-publish","hentry"],"_links":{"self":[{"href":"https:\/\/www.dame-a-la-licorne.com\/index.php?rest_route=\/wp\/v2\/pages\/1833","targetHints":{"allow":["GET"]}}],"collection":[{"href":"https:\/\/www.dame-a-la-licorne.com\/index.php?rest_route=\/wp\/v2\/pages"}],"about":[{"href":"https:\/\/www.dame-a-la-licorne.com\/index.php?rest_route=\/wp\/v2\/types\/page"}],"author":[{"embeddable":true,"href":"https:\/\/www.dame-a-la-licorne.com\/index.php?rest_route=\/wp\/v2\/users\/1"}],"replies":[{"embeddable":true,"href":"https:\/\/www.dame-a-la-licorne.com\/index.php?rest_route=%2Fwp%2Fv2%2Fcomments&post=1833"}],"version-history":[{"count":13,"href":"https:\/\/www.dame-a-la-licorne.com\/index.php?rest_route=\/wp\/v2\/pages\/1833\/revisions"}],"predecessor-version":[{"id":1874,"href":"https:\/\/www.dame-a-la-licorne.com\/index.php?rest_route=\/wp\/v2\/pages\/1833\/revisions\/1874"}],"up":[{"embeddable":true,"href":"https:\/\/www.dame-a-la-licorne.com\/index.php?rest_route=\/wp\/v2\/pages\/1460"}],"wp:attachment":[{"href":"https:\/\/www.dame-a-la-licorne.com\/index.php?rest_route=%2Fwp%2Fv2%2Fmedia&parent=1833"}],"curies":[{"name":"wp","href":"https:\/\/api.w.org\/{rel}","templated":true}]}}