{"id":1918,"date":"2019-09-17T08:29:22","date_gmt":"2019-09-17T07:29:22","guid":{"rendered":"http:\/\/localhost\/dame-a-la-licorne\/?page_id=1918"},"modified":"2026-01-02T16:59:50","modified_gmt":"2026-01-02T15:59:50","slug":"service-de-proximite-et-travaux-de-retouches-chez-particuliers","status":"publish","type":"page","link":"https:\/\/www.dame-a-la-licorne.com\/?page_id=1918","title":{"rendered":"Service de proximit\u00e9 et travaux de retouches chez particuliers"},"content":{"rendered":"\r\n\r\nLa Dame \u00e0 la Licorne met \u00e0 disposition un service \u00e0 la personne pour les personnes \u00e2g\u00e9es, \u00e0 mobilit\u00e9 r\u00e9duite, malades, ne pouvant pas se d\u00e9placer \u00e0 l\u2019atelier. Ce service comprend\u00a0:\r\n\r\n\r\n\r\n\r\n<ol class=\"wp-block-list\">\r\n \t<li>Le d\u00e9placement<\/li>\r\n \t<li>Les travaux de retouches mineures r\u00e9alis\u00e9s \u00e0 votre domicile<\/li>\r\n \t<li>Des prises de mesures, pour des retouches plus importantes, qui s\u2019effectueront \u00e0 l\u2019atelier.<\/li>\r\n<\/ol>\r\n","protected":false},"excerpt":{"rendered":"<p>La Dame \u00e0 la Licorne met \u00e0 disposition un service \u00e0 la personne pour les personnes \u00e2g\u00e9es, \u00e0 mobilit\u00e9 r\u00e9duite, malades, ne pouvant pas se d\u00e9placer \u00e0 l\u2019atelier. Ce service comprend\u00a0: Le d\u00e9placement Les travaux de retouches mineures r\u00e9alis\u00e9s \u00e0 votre domicile Des prises de mesures, pour des retouches plus importantes, qui s\u2019effectueront \u00e0 l\u2019atelier<\/p>\n","protected":false},"author":1,"featured_media":0,"parent":1460,"menu_order":5,"comment_status":"closed","ping_status":"closed","template":"template-fullwidth.php","meta":{"footnotes":""},"class_list":["post-1918","page","type-page","status-publish","hentry"],"_links":{"self":[{"href":"https:\/\/www.dame-a-la-licorne.com\/index.php?rest_route=\/wp\/v2\/pages\/1918","targetHints":{"allow":["GET"]}}],"collection":[{"href":"https:\/\/www.dame-a-la-licorne.com\/index.php?rest_route=\/wp\/v2\/pages"}],"about":[{"href":"https:\/\/www.dame-a-la-licorne.com\/index.php?rest_route=\/wp\/v2\/types\/page"}],"author":[{"embeddable":true,"href":"https:\/\/www.dame-a-la-licorne.com\/index.php?rest_route=\/wp\/v2\/users\/1"}],"replies":[{"embeddable":true,"href":"https:\/\/www.dame-a-la-licorne.com\/index.php?rest_route=%2Fwp%2Fv2%2Fcomments&post=1918"}],"version-history":[{"count":7,"href":"https:\/\/www.dame-a-la-licorne.com\/index.php?rest_route=\/wp\/v2\/pages\/1918\/revisions"}],"predecessor-version":[{"id":2405,"href":"https:\/\/www.dame-a-la-licorne.com\/index.php?rest_route=\/wp\/v2\/pages\/1918\/revisions\/2405"}],"up":[{"embeddable":true,"href":"https:\/\/www.dame-a-la-licorne.com\/index.php?rest_route=\/wp\/v2\/pages\/1460"}],"wp:attachment":[{"href":"https:\/\/www.dame-a-la-licorne.com\/index.php?rest_route=%2Fwp%2Fv2%2Fmedia&parent=1918"}],"curies":[{"name":"wp","href":"https:\/\/api.w.org\/{rel}","templated":true}]}}