{"id":23,"date":"2012-12-06T21:26:14","date_gmt":"2012-12-06T20:26:14","guid":{"rendered":"http:\/\/www2.dame-a-la-licorne.com\/qui-sommes-nous\/lequipe\/"},"modified":"2026-02-24T13:50:43","modified_gmt":"2026-02-24T12:50:43","slug":"lequipe","status":"publish","type":"page","link":"https:\/\/www.dame-a-la-licorne.com\/?page_id=23","title":{"rendered":"L\u2019\u00e9quipe + Nous soutenir"},"content":{"rendered":"<strong><span style=\"font-size: 11.0pt; font-family: 'Verdana',sans-serif;\">L&rsquo;EQUIPE\u00a0<\/span><\/strong>\r\n\r\n<strong><span style=\"font-size: 11.0pt; font-family: 'Verdana',sans-serif;\">L&rsquo;association la Dame \u00e0 la Licorne<\/span><\/strong><span style=\"font-size: 11.0pt; font-family: 'Verdana',sans-serif;\"> comprend\u00a06 administrateurs, une vingtaine de b\u00e9n\u00e9voles, aidant \u00e0 l&rsquo;atelier et aux diff\u00e9rentes animations et \u00e9v\u00e8nements organis\u00e9s par l&rsquo;association.\u00a0<\/span><span style=\"font-size: 11.0pt; font-family: 'Verdana',sans-serif;\">L&rsquo;\u00e9quipe professionnelle est compos\u00e9e de 4 salari\u00e9s permanents : une directrice, une comptable assistante administrative, un chef d&rsquo;atelier encadrant technique styliste cr\u00e9ateur et une assistante technique d&rsquo;atelier.\u00a0<\/span>La dame \u00e0 la licorne s&rsquo;entoure \u00e9galement de deux professionnels, une conseill\u00e8re en insertion ainsi qu&rsquo;une animatrice couture.\r\n\r\n&nbsp;\r\n<pre><strong><span style=\"font-size: 11.0pt; font-family: 'Verdana',sans-serif;\">NOUS SOUTENIR<\/span><\/strong><\/pre>\r\n<span style=\"font-size: 11.0pt; font-family: 'Verdana',sans-serif;\">L&rsquo;association reconnue d\u2019Int\u00e9r\u00eat G\u00e9n\u00e9ral est toujours \u00e0 la recherche de sponsors, de dons financiers, de dons de tissus, d&rsquo;accessoires et de mat\u00e9riel d&rsquo;exposition.<\/span>\r\n\r\n<span style=\"font-size: 11.0pt; font-family: 'Verdana',sans-serif;\">Nous sommes en mesure de d\u00e9livrer aux particuliers et aux entreprises faisant un don un justificatif (re\u00e7u fiscal).<\/span>\r\n\r\n<span style=\"font-size: 11.0pt; font-family: 'Verdana',sans-serif;\"><a href=\"https:\/\/www.helloasso.com\/associations\/dame-a-la-licorne\/formulaires\/1\">Faire un don &#8211; Helloasso<\/a><\/span>\r\n\r\n&nbsp;\r\n\r\n\r\n\r\n","protected":false},"excerpt":{"rendered":"<p>L&rsquo;EQUIPE\u00a0 L&rsquo;association la Dame \u00e0 la Licorne comprend\u00a06 administrateurs, une vingtaine de b\u00e9n\u00e9voles, aidant \u00e0 l&rsquo;atelier et aux diff\u00e9rentes animations et \u00e9v\u00e8nements organis\u00e9s par l&rsquo;association.\u00a0L&rsquo;\u00e9quipe professionnelle est compos\u00e9e de 4 salari\u00e9s permanents : une directrice, une comptable assistante administrative, un chef d&rsquo;atelier encadrant technique styliste cr\u00e9ateur et une assistante technique d&rsquo;atelier.\u00a0La dame \u00e0 la licorne [&#038;hellip<\/p>\n","protected":false},"author":1,"featured_media":0,"parent":0,"menu_order":10,"comment_status":"closed","ping_status":"open","template":"template-fullwidth.php","meta":{"footnotes":""},"class_list":["post-23","page","type-page","status-publish","hentry"],"_links":{"self":[{"href":"https:\/\/www.dame-a-la-licorne.com\/index.php?rest_route=\/wp\/v2\/pages\/23","targetHints":{"allow":["GET"]}}],"collection":[{"href":"https:\/\/www.dame-a-la-licorne.com\/index.php?rest_route=\/wp\/v2\/pages"}],"about":[{"href":"https:\/\/www.dame-a-la-licorne.com\/index.php?rest_route=\/wp\/v2\/types\/page"}],"author":[{"embeddable":true,"href":"https:\/\/www.dame-a-la-licorne.com\/index.php?rest_route=\/wp\/v2\/users\/1"}],"replies":[{"embeddable":true,"href":"https:\/\/www.dame-a-la-licorne.com\/index.php?rest_route=%2Fwp%2Fv2%2Fcomments&post=23"}],"version-history":[{"count":20,"href":"https:\/\/www.dame-a-la-licorne.com\/index.php?rest_route=\/wp\/v2\/pages\/23\/revisions"}],"predecessor-version":[{"id":2418,"href":"https:\/\/www.dame-a-la-licorne.com\/index.php?rest_route=\/wp\/v2\/pages\/23\/revisions\/2418"}],"wp:attachment":[{"href":"https:\/\/www.dame-a-la-licorne.com\/index.php?rest_route=%2Fwp%2Fv2%2Fmedia&parent=23"}],"curies":[{"name":"wp","href":"https:\/\/api.w.org\/{rel}","templated":true}]}}