{"id":2317,"date":"2024-11-19T10:42:36","date_gmt":"2024-11-19T09:42:36","guid":{"rendered":"https:\/\/www.dame-a-la-licorne.com\/?page_id=2317"},"modified":"2026-02-24T13:50:59","modified_gmt":"2026-02-24T12:50:59","slug":"evenement-a-venir","status":"publish","type":"page","link":"https:\/\/www.dame-a-la-licorne.com\/?page_id=2317","title":{"rendered":"La Dame \u00e0 la Licorne a f\u00eat\u00e9 ses 30 ans le 15 octobre 2025"},"content":{"rendered":"<p><a href=\"https:\/\/www.dame-a-la-licorne.com\/wp-content\/uploads\/2025\/12\/IMG_7101.jpg\"><img loading=\"lazy\" decoding=\"async\" class=\"alignright size-medium wp-image-2388\" src=\"https:\/\/www.dame-a-la-licorne.com\/wp-content\/uploads\/2025\/12\/IMG_7101-300x148.jpg\" alt=\"\" width=\"300\" height=\"148\" srcset=\"https:\/\/www.dame-a-la-licorne.com\/wp-content\/uploads\/2025\/12\/IMG_7101-300x148.jpg 300w, https:\/\/www.dame-a-la-licorne.com\/wp-content\/uploads\/2025\/12\/IMG_7101-768x379.jpg 768w, https:\/\/www.dame-a-la-licorne.com\/wp-content\/uploads\/2025\/12\/IMG_7101-1024x505.jpg 1024w, https:\/\/www.dame-a-la-licorne.com\/wp-content\/uploads\/2025\/12\/IMG_7101-651x321.jpg 651w\" sizes=\"auto, (max-width: 300px) 100vw, 300px\" \/><\/a>L&rsquo;association a f\u00eat\u00e9 ses\u00a030 ans\u00a0d&rsquo;existence le <strong>15 octobre 2025<\/strong>\u00a0dans ses locaux du quartier de la Madeleine \u00e0 Chartres.<\/p>\n<p>Pr\u00e8s d&rsquo;une centaine de personnes ont assist\u00e9 \u00e0 cet \u00e9v\u00e8nement avec au programme un<b>\u00a0<\/b>spectacle en costumes sur 4 \u00e9poques, plusieurs t\u00e9moignages sur la vie de l&rsquo;association, une d\u00e9monstration de danses de la p\u00e9riode 1920 \u00e0 1930.<\/p>\n<p>Un\u00a0moment convivial\u00a0suivi d&rsquo;un bal costum\u00e9 avec DJ ont cl\u00f4tur\u00e9 cette journ\u00e9e exceptionnelle ! Merci et Bravo \u00e0 toutes les personnes qui ont apport\u00e9 leur concours.<\/p>\n","protected":false},"excerpt":{"rendered":"<p>L&rsquo;association a f\u00eat\u00e9 ses\u00a030 ans\u00a0d&rsquo;existence le 15 octobre 2025\u00a0dans ses locaux du quartier de la Madeleine \u00e0 Chartres. Pr\u00e8s d&rsquo;une centaine de personnes ont assist\u00e9 \u00e0 cet \u00e9v\u00e8nement avec au programme un\u00a0spectacle en costumes sur 4 \u00e9poques, plusieurs t\u00e9moignages sur la vie de l&rsquo;association, une d\u00e9monstration de danses de la p\u00e9riode 1920 \u00e0 1930. Un\u00a0moment [&#038;hellip<\/p>\n","protected":false},"author":1,"featured_media":1666,"parent":0,"menu_order":2,"comment_status":"closed","ping_status":"closed","template":"","meta":{"footnotes":""},"class_list":["post-2317","page","type-page","status-publish","has-post-thumbnail","hentry"],"_links":{"self":[{"href":"https:\/\/www.dame-a-la-licorne.com\/index.php?rest_route=\/wp\/v2\/pages\/2317","targetHints":{"allow":["GET"]}}],"collection":[{"href":"https:\/\/www.dame-a-la-licorne.com\/index.php?rest_route=\/wp\/v2\/pages"}],"about":[{"href":"https:\/\/www.dame-a-la-licorne.com\/index.php?rest_route=\/wp\/v2\/types\/page"}],"author":[{"embeddable":true,"href":"https:\/\/www.dame-a-la-licorne.com\/index.php?rest_route=\/wp\/v2\/users\/1"}],"replies":[{"embeddable":true,"href":"https:\/\/www.dame-a-la-licorne.com\/index.php?rest_route=%2Fwp%2Fv2%2Fcomments&post=2317"}],"version-history":[{"count":10,"href":"https:\/\/www.dame-a-la-licorne.com\/index.php?rest_route=\/wp\/v2\/pages\/2317\/revisions"}],"predecessor-version":[{"id":2416,"href":"https:\/\/www.dame-a-la-licorne.com\/index.php?rest_route=\/wp\/v2\/pages\/2317\/revisions\/2416"}],"wp:featuredmedia":[{"embeddable":true,"href":"https:\/\/www.dame-a-la-licorne.com\/index.php?rest_route=\/wp\/v2\/media\/1666"}],"wp:attachment":[{"href":"https:\/\/www.dame-a-la-licorne.com\/index.php?rest_route=%2Fwp%2Fv2%2Fmedia&parent=2317"}],"curies":[{"name":"wp","href":"https:\/\/api.w.org\/{rel}","templated":true}]}}