{"id":2433,"date":"2026-01-21T10:47:25","date_gmt":"2026-01-21T09:47:25","guid":{"rendered":"https:\/\/www.dame-a-la-licorne.com\/?page_id=2433"},"modified":"2026-02-24T13:50:43","modified_gmt":"2026-02-24T12:50:43","slug":"faites-un-don-2","status":"publish","type":"page","link":"https:\/\/www.dame-a-la-licorne.com\/?page_id=2433","title":{"rendered":"Faites un don !"},"content":{"rendered":"\n<h1 class=\"wp-block-heading\"><strong>La Dame \u00e0 la Licorne&nbsp;a besoin de vous&nbsp;!<\/strong><\/h1>\n\n\n\n<p>Depuis pr\u00e8s de 30 ans, notre association&nbsp;<strong>La Dame \u00e0 la Licorne<\/strong>&nbsp;accompagne ses salari\u00e9s vers l\u2019emploi. Pour continuer \u00e0 soutenir notre mission, nous avons besoin de vous !<\/p>\n\n\n<div class=\"wp-block-image\">\n<figure class=\"alignleft\"><a href=\"https:\/\/www.dame-a-la-licorne.com\/wp-content\/uploads\/2025\/01\/Faites-la-differences-en-\u00e9tant-solidaire-1.pdf.png\"><img loading=\"lazy\" decoding=\"async\" width=\"212\" height=\"300\" src=\"https:\/\/www.dame-a-la-licorne.com\/wp-content\/uploads\/2025\/01\/Faites-la-differences-en-\u00e9tant-solidaire-1.pdf-212x300.png\" alt=\"\" class=\"wp-image-2365\" srcset=\"https:\/\/www.dame-a-la-licorne.com\/wp-content\/uploads\/2025\/01\/Faites-la-differences-en-\u00e9tant-solidaire-1.pdf-212x300.png 212w, https:\/\/www.dame-a-la-licorne.com\/wp-content\/uploads\/2025\/01\/Faites-la-differences-en-\u00e9tant-solidaire-1.pdf-768x1086.png 768w, https:\/\/www.dame-a-la-licorne.com\/wp-content\/uploads\/2025\/01\/Faites-la-differences-en-\u00e9tant-solidaire-1.pdf-724x1024.png 724w, https:\/\/www.dame-a-la-licorne.com\/wp-content\/uploads\/2025\/01\/Faites-la-differences-en-\u00e9tant-solidaire-1.pdf-254x360.png 254w, https:\/\/www.dame-a-la-licorne.com\/wp-content\/uploads\/2025\/01\/Faites-la-differences-en-\u00e9tant-solidaire-1.pdf.png 1587w\" sizes=\"auto, (max-width: 212px) 100vw, 212px\" \/><\/a><\/figure>\n<\/div>\n\n\n<h2 class=\"wp-block-heading\">Chaque don compte pour nous aider \u00e0 poursuivre notre engagement solidaire.<\/h2>\n\n\n\n<p><strong>Soutenez nous et b\u00e9n\u00e9ficiez d\u2019une d\u00e9duction fiscale !<\/strong><\/p>\n\n\n\n<p><strong>Vous \u00eates un particulier ?<\/strong><br>Votre don est d\u00e9ductible \u00e0&nbsp;<strong>66%<\/strong>&nbsp;de vos imp\u00f4ts.<br>&#x27a1;&#xfe0f; Un don de&nbsp;<strong>100\u20ac<\/strong>&nbsp;ne vous co\u00fbtera que&nbsp;<strong>34\u20ac<\/strong>&nbsp;apr\u00e8s r\u00e9duction fiscale.<\/p>\n\n\n\n<p><strong>Vous \u00eates un professionnel ?<\/strong><br>Votre don est d\u00e9ductible \u00e0&nbsp;<strong>60 %<\/strong>.<br>&#x27a1;&#xfe0f; Un don de&nbsp;<strong>100\u20ac<\/strong>&nbsp;vous reviendra \u00e0&nbsp;<strong>40\u20ac<\/strong>&nbsp;apr\u00e8s d\u00e9duction fiscale.<\/p>\n\n\n\n<p><strong>Comment participer ?<\/strong><br>&#x2714;&#xfe0f; Faites un don sur notre cagnotte en ligne :&nbsp;<a href=\"https:\/\/www.helloasso.com\/associations\/dame-a-la-licorne\/formulaires\/1\">Faire un don &#8211; Helloasso<\/a> (re\u00e7u fiscal d\u00e9livr\u00e9 au versement en ligne)<br>&#x2714;&#xfe0f; Ou envoyez un ch\u00e8que \u00e0 :<br><em>La Dame \u00e0 la Licorne &#8211; Mail Jean de Dunois, Maison pour Tous, La Madeleine, 28000 Chartres<\/em><\/p>\n\n\n\n<p>Vous recevrez une attestation fiscale pour b\u00e9n\u00e9ficier de votre r\u00e9duction d\u2019imp\u00f4ts.<\/p>\n\n\n\n<p><strong>Gr\u00e2ce \u00e0 votre g\u00e9n\u00e9rosit\u00e9, nous pouvons atteindre nos objectifs !<\/strong>&nbsp;Un immense merci pour votre soutien.<\/p>\n\n\n\n<p><strong>Tel administration: 02.37.36.80.72<\/strong><\/p>\n\n\n\n<h6 class=\"wp-block-heading\"><strong>Tel atelier Cr\u00e9ations: 06 85 70 62 45 &nbsp;<\/strong><\/h6>\n\n\n\n<h6 class=\"wp-block-heading\"><strong>Tel : atelier Locations : 06 80 92 21 24&nbsp;<\/strong><\/h6>\n\n\n\n<p><\/p>\n","protected":false},"excerpt":{"rendered":"<p>La Dame \u00e0 la Licorne&nbsp;a besoin de vous&nbsp;! Depuis pr\u00e8s de 30 ans, notre association&nbsp;La Dame \u00e0 la Licorne&nbsp;accompagne ses salari\u00e9s vers l\u2019emploi. Pour continuer \u00e0 soutenir notre mission, nous avons besoin de vous ! Chaque don compte pour nous aider \u00e0 poursuivre notre engagement solidaire. Soutenez nous et b\u00e9n\u00e9ficiez d\u2019une d\u00e9duction fiscale ! Vous [&#038;hellip<\/p>\n","protected":false},"author":1,"featured_media":0,"parent":0,"menu_order":1,"comment_status":"closed","ping_status":"closed","template":"","meta":{"footnotes":""},"class_list":["post-2433","page","type-page","status-publish","hentry"],"_links":{"self":[{"href":"https:\/\/www.dame-a-la-licorne.com\/index.php?rest_route=\/wp\/v2\/pages\/2433","targetHints":{"allow":["GET"]}}],"collection":[{"href":"https:\/\/www.dame-a-la-licorne.com\/index.php?rest_route=\/wp\/v2\/pages"}],"about":[{"href":"https:\/\/www.dame-a-la-licorne.com\/index.php?rest_route=\/wp\/v2\/types\/page"}],"author":[{"embeddable":true,"href":"https:\/\/www.dame-a-la-licorne.com\/index.php?rest_route=\/wp\/v2\/users\/1"}],"replies":[{"embeddable":true,"href":"https:\/\/www.dame-a-la-licorne.com\/index.php?rest_route=%2Fwp%2Fv2%2Fcomments&post=2433"}],"version-history":[{"count":3,"href":"https:\/\/www.dame-a-la-licorne.com\/index.php?rest_route=\/wp\/v2\/pages\/2433\/revisions"}],"predecessor-version":[{"id":2437,"href":"https:\/\/www.dame-a-la-licorne.com\/index.php?rest_route=\/wp\/v2\/pages\/2433\/revisions\/2437"}],"wp:attachment":[{"href":"https:\/\/www.dame-a-la-licorne.com\/index.php?rest_route=%2Fwp%2Fv2%2Fmedia&parent=2433"}],"curies":[{"name":"wp","href":"https:\/\/api.w.org\/{rel}","templated":true}]}}