{"id":28,"date":"2012-12-06T21:28:21","date_gmt":"2012-12-06T20:28:21","guid":{"rendered":"http:\/\/www2.dame-a-la-licorne.com\/offre\/passer-votre-commande\/"},"modified":"2019-09-25T15:21:45","modified_gmt":"2019-09-25T14:21:45","slug":"passer-votre-commande","status":"publish","type":"page","link":"https:\/\/www.dame-a-la-licorne.com\/?page_id=28","title":{"rendered":"Comment passer votre commande"},"content":{"rendered":"<h5>Vous pouvez commander par mail, t\u00e9l\u00e9phone ou par courrier, en pr\u00e9cisant votre projet et les diff\u00e9rentes cr\u00e9ations ou locations souhait\u00e9es, en n&rsquo;oubliant pas vos mesures<\/h5>\n<address>1- Tour de T\u00eate \/ en passant par les tempes.<\/address>\n<address>2- Tour de Cou \/ Mesurer o\u00f9 vous boutonnez votre col de chemise.<\/address>\n<address>3- Largeur d&rsquo;Epaule \/ Mesurer \u00e0 partir de la couture du col jusqu&rsquo;\u00e0 l&rsquo;os de l&rsquo;\u00e9paule.<\/address>\n<address>4- Carrure \/ Mesurer horizontalement du milieu d&rsquo;une emmanchure \u00e0 l&rsquo;autre en passant par les homoplates \u00e0 l&rsquo;endroit le plus large du dos.<\/address>\n<address>5- Tour de Poitrine \/ Mesurer le plus horizontalement possible au plus fort de la poitrine sans gonfler le torse.<\/address>\n<address>6- Tour de Taille \/ Mesurer sans rentrer le ventre en passant par le creux des reins et le nombril.<\/address>\n<address>7- Tour de Bassin \/ Mesurer le plus horizotalement au plus fort des fesses.<\/address>\n<address>8- Tour de Cuisse \/ Mesurer sur la partie la plus forte de la cuisse.<\/address>\n<address>9- Tour de Genou \/ Mesurer en passant par le point le plus saillant de la rotule.<\/address>\n<address>10- Tour de Jarret \/ Mesurer \u00e0 l&rsquo;endroit le plus creux entre la rotule et le mollet.<\/address>\n<address>11- Tour de Mollet \/ Mesurer au plus fort du mollet.<\/address>\n<address>12- Tour de Cheville \/ Mesurer en passant par les points les plus saillants de la mall\u00e9ole externe et interne.<\/address>\n<address>13- Longueur du Dos \/ Mesurer de la couture de pied de col jusqu&rsquo;\u00e0 la taille.<\/address>\n<address>14- Longueur de Manche \/ Mesurer de la pointe de l&rsquo;\u00e9paule jusqu&rsquo;\u00e0 l&rsquo;os du poingnet, bras repli\u00e9, main \u00e0 20 cm de l&rsquo;estomac.<\/address>\n<address>15- Longueur Totale voulue, Redingote \/ Mesurer de la couture du pied de col jusqu&rsquo;\u00e0 la longueur voulue.<\/address>\n<address>16- Longueur Taille\/Entrejambe \/ Mesurer de la taille jusqu&rsquo;\u00e0 l&rsquo;entrejambe.<\/address>\n<address>17- Longueur de C\u00f4t\u00e9 Jambe \/ Mesurer de la taille jusqu&rsquo;\u00e0 la mall\u00e9ole.<\/address>\n<address>18- Longueur Entrejambe\/Mollet \/ Mesurer de l&rsquo;entrejambe jusqu&rsquo;au plus fort du mollet.<\/address>\n<address>19- Longueur Entrejambe\/Cheville \/ Mesurer de l&rsquo;entrejambe jusqu&rsquo;\u00e0 la mall\u00e9ole.<\/address>\n<address>20- Longueur Totale voulue, Jupe \/ Mesurer de la taille jusqu&rsquo;\u00e0 la longueur voulue, ceinture comprise.<\/address>\n<address>21- Longueur Totale voulue, Pantalon \/ Mesurer du haut de la ceinture jusqu&rsquo;\u00e0 la longueur voulue.<\/address>\n<address><img loading=\"lazy\" decoding=\"async\" class=\"alignleft size-full wp-image-738\" title=\"prendre ses mesures\" src=\"http:\/\/localhost\/dame-a-la-licorne\/wp-content\/uploads\/2012\/12\/prendre-ses-mesures.jpg\" alt=\"\" width=\"960\" height=\"720\" srcset=\"https:\/\/www.dame-a-la-licorne.com\/wp-content\/uploads\/2012\/12\/prendre-ses-mesures.jpg 960w, https:\/\/www.dame-a-la-licorne.com\/wp-content\/uploads\/2012\/12\/prendre-ses-mesures-150x112.jpg 150w, https:\/\/www.dame-a-la-licorne.com\/wp-content\/uploads\/2012\/12\/prendre-ses-mesures-300x225.jpg 300w, https:\/\/www.dame-a-la-licorne.com\/wp-content\/uploads\/2012\/12\/prendre-ses-mesures-480x360.jpg 480w\" sizes=\"auto, (max-width: 960px) 100vw, 960px\" \/><\/address>\n","protected":false},"excerpt":{"rendered":"<p>Vous pouvez commander par mail, t\u00e9l\u00e9phone ou par courrier, en pr\u00e9cisant votre projet et les diff\u00e9rentes cr\u00e9ations ou locations souhait\u00e9es, en n&rsquo;oubliant pas vos mesures 1- Tour de T\u00eate \/ en passant par les tempes. 2- Tour de Cou \/ Mesurer o\u00f9 vous boutonnez votre col de chemise. 3- Largeur d&rsquo;Epaule \/ Mesurer \u00e0 partir [&#038;hellip<\/p>\n","protected":false},"author":1,"featured_media":0,"parent":1460,"menu_order":6,"comment_status":"closed","ping_status":"closed","template":"template-fullwidth.php","meta":{"footnotes":""},"class_list":["post-28","page","type-page","status-publish","hentry"],"_links":{"self":[{"href":"https:\/\/www.dame-a-la-licorne.com\/index.php?rest_route=\/wp\/v2\/pages\/28","targetHints":{"allow":["GET"]}}],"collection":[{"href":"https:\/\/www.dame-a-la-licorne.com\/index.php?rest_route=\/wp\/v2\/pages"}],"about":[{"href":"https:\/\/www.dame-a-la-licorne.com\/index.php?rest_route=\/wp\/v2\/types\/page"}],"author":[{"embeddable":true,"href":"https:\/\/www.dame-a-la-licorne.com\/index.php?rest_route=\/wp\/v2\/users\/1"}],"replies":[{"embeddable":true,"href":"https:\/\/www.dame-a-la-licorne.com\/index.php?rest_route=%2Fwp%2Fv2%2Fcomments&post=28"}],"version-history":[{"count":12,"href":"https:\/\/www.dame-a-la-licorne.com\/index.php?rest_route=\/wp\/v2\/pages\/28\/revisions"}],"predecessor-version":[{"id":2023,"href":"https:\/\/www.dame-a-la-licorne.com\/index.php?rest_route=\/wp\/v2\/pages\/28\/revisions\/2023"}],"up":[{"embeddable":true,"href":"https:\/\/www.dame-a-la-licorne.com\/index.php?rest_route=\/wp\/v2\/pages\/1460"}],"wp:attachment":[{"href":"https:\/\/www.dame-a-la-licorne.com\/index.php?rest_route=%2Fwp%2Fv2%2Fmedia&parent=28"}],"curies":[{"name":"wp","href":"https:\/\/api.w.org\/{rel}","templated":true}]}}