{"id":29,"date":"2012-12-06T21:28:21","date_gmt":"2012-12-06T20:28:21","guid":{"rendered":"http:\/\/www2.dame-a-la-licorne.com\/offre\/habillage-et-decoration-devenements\/"},"modified":"2019-09-19T10:34:30","modified_gmt":"2019-09-19T09:34:30","slug":"habillage-et-decoration-devenements","status":"publish","type":"page","link":"https:\/\/www.dame-a-la-licorne.com\/?page_id=29","title":{"rendered":"Habillage et d\u00e9coration d&rsquo;\u00e9v\u00e9nements"},"content":{"rendered":"\n<address>Nous travaillons avec les ch\u00e2teaux, les offices de tourisme, les mus\u00e9es, pour des expositions ou animations (parades, soir\u00e9es \u00e0 th\u00e8me, jeux de r\u00f4les).<br\/>\n<div id=\"gallery-1\" class=\"gallery galleryid-1 default columns_3 gallery-columns-3  gallery-size-thumbnail \">\n<dl class=\"gallery-item gallery-startcol\">\n\t<dt class=\"gallery-icon\"><a href=\"https:\/\/www.dame-a-la-licorne.com\/wp-content\/uploads\/2019\/09\/P1000055.jpg\" title=\"P1000055\">\t\t\t<img loading=\"lazy\" decoding=\"async\" src=\"https:\/\/www.dame-a-la-licorne.com\/wp-content\/uploads\/2019\/09\/P1000055-150x97.jpg\" width=\"150\" height=\"97\" title=\"P1000055\" class=\"attachment-thumbnail\" alt=\"P1000055\" \/><\/a>\t<\/dt>\n\t\t<dd class=\"wp-caption-text gallery-caption\">\n\t\tGare de Chartres\t<\/dd><\/dl>\n<dl class=\"gallery-item\">\n\t<dt class=\"gallery-icon\"><a href=\"https:\/\/www.dame-a-la-licorne.com\/wp-content\/uploads\/2012\/12\/La-dame-\u00e0-la-licorne-2.jpg\" title=\"La Dame \u00e0 la Licorne office de tourisme de CHARTRES\">\t\t\t<img loading=\"lazy\" decoding=\"async\" src=\"https:\/\/www.dame-a-la-licorne.com\/wp-content\/uploads\/2012\/12\/La-dame-\u00e0-la-licorne-2-150x150.jpg\" width=\"150\" height=\"150\" title=\"La Dame \u00e0 la Licorne office de tourisme de CHARTRES\" class=\"attachment-thumbnail\" alt=\"La Dame \u00e0 la Licorne office de tourisme de CHARTRES\" \/><\/a>\t<\/dt>\n\t\t<dd class=\"wp-caption-text gallery-caption\">\n\t\tOffice de Tourisme Chartres\t<\/dd><\/dl>\n<dl class=\"gallery-item gallery-endcol\">\n\t<dt class=\"gallery-icon\"><a href=\"https:\/\/www.dame-a-la-licorne.com\/wp-content\/uploads\/2012\/12\/alice.jpg\" title=\"Gala de danse \u00e0 EPERNON\">\t\t\t<img loading=\"lazy\" decoding=\"async\" src=\"https:\/\/www.dame-a-la-licorne.com\/wp-content\/uploads\/2012\/12\/alice-150x145.jpg\" width=\"150\" height=\"145\" title=\"Gala de danse \u00e0 EPERNON\" class=\"attachment-thumbnail\" alt=\"Gala de danse \u00e0 EPERNON\" \/><\/a>\t<\/dt>\n\t\t<dd class=\"wp-caption-text gallery-caption\">\n\t\tGala de danse\t<\/dd><\/dl>\n\n<br class='clear' \/>\n<dl class=\"gallery-item gallery-startcol\">\n\t<dt class=\"gallery-icon\"><a href=\"https:\/\/www.dame-a-la-licorne.com\/wp-content\/uploads\/2012\/12\/anneau.jpg\" title=\"Exposition \u00e0 Auneau\">\t\t\t<img loading=\"lazy\" decoding=\"async\" src=\"https:\/\/www.dame-a-la-licorne.com\/wp-content\/uploads\/2012\/12\/anneau-150x112.jpg\" width=\"150\" height=\"112\" title=\"Exposition \u00e0 Auneau\" class=\"attachment-thumbnail\" alt=\"Exposition \u00e0 Auneau\" \/><\/a>\t<\/dt>\n\t\t<dd class=\"wp-caption-text gallery-caption\">\n\t\tExpo philat\u00e9lique\t<\/dd><\/dl>\n<dl class=\"gallery-item\">\n\t<dt class=\"gallery-icon\"><a href=\"https:\/\/www.dame-a-la-licorne.com\/wp-content\/uploads\/2012\/12\/mari\u00e9es.jpg\" title=\"Exposition Robes de Mari\u00e9es\">\t\t\t<img loading=\"lazy\" decoding=\"async\" src=\"https:\/\/www.dame-a-la-licorne.com\/wp-content\/uploads\/2012\/12\/mari\u00e9es-150x112.jpg\" width=\"150\" height=\"112\" title=\"Exposition Robes de Mari\u00e9es\" class=\"attachment-thumbnail\" alt=\"Exposition Robes de Mari\u00e9es\" \/><\/a>\t<\/dt>\n\t\t<dd class=\"wp-caption-text gallery-caption\">\n\t\tExposition Robes de mari\u00e9es\t<\/dd><\/dl>\n\n\n<\/div>\n<p>&nbsp;<\/p>\n<\/address><address>&nbsp;<\/address><address>&nbsp;<\/address>\n","protected":false},"excerpt":{"rendered":"<p>Nous travaillons avec les ch\u00e2teaux, les offices de tourisme, les mus\u00e9es, pour des expositions ou animations (parades, soir\u00e9es \u00e0 th\u00e8me, jeux de r\u00f4les). &nbsp; &nbsp; &#038;nbsp<\/p>\n","protected":false},"author":1,"featured_media":0,"parent":1460,"menu_order":8,"comment_status":"closed","ping_status":"open","template":"template-fullwidth.php","meta":{"footnotes":""},"class_list":["post-29","page","type-page","status-publish","hentry"],"_links":{"self":[{"href":"https:\/\/www.dame-a-la-licorne.com\/index.php?rest_route=\/wp\/v2\/pages\/29","targetHints":{"allow":["GET"]}}],"collection":[{"href":"https:\/\/www.dame-a-la-licorne.com\/index.php?rest_route=\/wp\/v2\/pages"}],"about":[{"href":"https:\/\/www.dame-a-la-licorne.com\/index.php?rest_route=\/wp\/v2\/types\/page"}],"author":[{"embeddable":true,"href":"https:\/\/www.dame-a-la-licorne.com\/index.php?rest_route=\/wp\/v2\/users\/1"}],"replies":[{"embeddable":true,"href":"https:\/\/www.dame-a-la-licorne.com\/index.php?rest_route=%2Fwp%2Fv2%2Fcomments&post=29"}],"version-history":[{"count":28,"href":"https:\/\/www.dame-a-la-licorne.com\/index.php?rest_route=\/wp\/v2\/pages\/29\/revisions"}],"predecessor-version":[{"id":2058,"href":"https:\/\/www.dame-a-la-licorne.com\/index.php?rest_route=\/wp\/v2\/pages\/29\/revisions\/2058"}],"up":[{"embeddable":true,"href":"https:\/\/www.dame-a-la-licorne.com\/index.php?rest_route=\/wp\/v2\/pages\/1460"}],"wp:attachment":[{"href":"https:\/\/www.dame-a-la-licorne.com\/index.php?rest_route=%2Fwp%2Fv2%2Fmedia&parent=29"}],"curies":[{"name":"wp","href":"https:\/\/api.w.org\/{rel}","templated":true}]}}