{"id":31,"date":"2012-12-06T21:28:21","date_gmt":"2012-12-06T20:28:21","guid":{"rendered":"http:\/\/www2.dame-a-la-licorne.com\/offre\/creation-de-costumes-et-daccessoires\/"},"modified":"2019-09-25T15:22:51","modified_gmt":"2019-09-25T14:22:51","slug":"creation-et-vente","status":"publish","type":"page","link":"https:\/\/www.dame-a-la-licorne.com\/?page_id=31","title":{"rendered":"Cr\u00e9ation et vente"},"content":{"rendered":"<p><span style=\"font-size: 11.0pt; font-family: 'Verdana',sans-serif;\">Nous cr\u00e9ons pour nos clients des costumes et tenues de toutes \u00e9poques d\u2019apr\u00e8s photos, livres et revues de mode historique voire d&rsquo;\u0153uvres d\u2019arts. Que vous soyez un particulier, une association, une entreprise ou encore une collectivit\u00e9, nous mettons \u00e0 disposition notre savoir-faire afin de r\u00e9pondre au mieux \u00e0 vos attentes.<\/span><\/p>\n<p><span style=\"font-size: 11.0pt; font-family: 'Verdana',sans-serif;\">Du costume historique au costume de sc\u00e8ne, en passant par la broderie d\u2019art, nous sommes avec vous \u00e0 chaque \u00e9tape de la cr\u00e9ation. Conseils et \u00e9tude du projet, prise de RDV pour mesures, essayages et livraison dans les temps.<\/span><\/p>\n\n\n<ul class=\"wp-block-gallery columns-1 is-cropped wp-block-gallery-1 is-layout-flex wp-block-gallery-is-layout-flex\"><li class=\"blocks-gallery-item\"><figure><img loading=\"lazy\" decoding=\"async\" width=\"1024\" height=\"768\" src=\"http:\/\/localhost\/dame-a-la-licorne\/wp-content\/uploads\/2019\/09\/S7306085-1024x768.jpg\" alt=\"\" data-id=\"1993\" data-link=\"http:\/\/localhost\/dame-a-la-licorne\/wp-content\/uploads\/2019\/09\/S7306085.jpg\" class=\"wp-image-1993\" srcset=\"https:\/\/www.dame-a-la-licorne.com\/wp-content\/uploads\/2019\/09\/S7306085.jpg 1024w, https:\/\/www.dame-a-la-licorne.com\/wp-content\/uploads\/2019\/09\/S7306085-150x113.jpg 150w, https:\/\/www.dame-a-la-licorne.com\/wp-content\/uploads\/2019\/09\/S7306085-300x225.jpg 300w, https:\/\/www.dame-a-la-licorne.com\/wp-content\/uploads\/2019\/09\/S7306085-768x576.jpg 768w, https:\/\/www.dame-a-la-licorne.com\/wp-content\/uploads\/2019\/09\/S7306085-480x360.jpg 480w\" sizes=\"auto, (max-width: 1024px) 100vw, 1024px\" \/><\/figure><\/li><\/ul>\n\n\n\n<p>V\u00eatements pour chiens<\/p>\n\n\n\n<ul class=\"wp-block-gallery columns-2 is-cropped wp-block-gallery-2 is-layout-flex wp-block-gallery-is-layout-flex\"><li class=\"blocks-gallery-item\"><figure><img decoding=\"async\" src=\"http:\/\/localhost\/dame-a-la-licorne\/wp-content\/uploads\/2013\/02\/140-1024x768.jpg\" alt=\"\" data-id=\"492\" data-link=\"http:\/\/localhost\/dame-a-la-licorne\/actualites\/idee-originale\/attachment\/140\/\" class=\"wp-image-492\"\/><\/figure><\/li><li class=\"blocks-gallery-item\"><figure><img decoding=\"async\" src=\"http:\/\/localhost\/dame-a-la-licorne\/wp-content\/uploads\/2013\/02\/144-1024x768.jpg\" alt=\"\" data-id=\"494\" data-link=\"http:\/\/localhost\/dame-a-la-licorne\/actualites\/idee-originale\/attachment\/144\/\" class=\"wp-image-494\"\/><\/figure><\/li><\/ul>\n","protected":false},"excerpt":{"rendered":"<p>Nous cr\u00e9ons pour nos clients des costumes et tenues de toutes \u00e9poques d\u2019apr\u00e8s photos, livres et revues de mode historique voire d&rsquo;\u0153uvres d\u2019arts. Que vous soyez un particulier, une association, une entreprise ou encore une collectivit\u00e9, nous mettons \u00e0 disposition notre savoir-faire afin de r\u00e9pondre au mieux \u00e0 vos attentes. Du costume historique au costume [&#038;hellip<\/p>\n","protected":false},"author":1,"featured_media":0,"parent":1460,"menu_order":2,"comment_status":"closed","ping_status":"closed","template":"template-fullwidth.php","meta":{"footnotes":""},"class_list":["post-31","page","type-page","status-publish","hentry"],"_links":{"self":[{"href":"https:\/\/www.dame-a-la-licorne.com\/index.php?rest_route=\/wp\/v2\/pages\/31","targetHints":{"allow":["GET"]}}],"collection":[{"href":"https:\/\/www.dame-a-la-licorne.com\/index.php?rest_route=\/wp\/v2\/pages"}],"about":[{"href":"https:\/\/www.dame-a-la-licorne.com\/index.php?rest_route=\/wp\/v2\/types\/page"}],"author":[{"embeddable":true,"href":"https:\/\/www.dame-a-la-licorne.com\/index.php?rest_route=\/wp\/v2\/users\/1"}],"replies":[{"embeddable":true,"href":"https:\/\/www.dame-a-la-licorne.com\/index.php?rest_route=%2Fwp%2Fv2%2Fcomments&post=31"}],"version-history":[{"count":30,"href":"https:\/\/www.dame-a-la-licorne.com\/index.php?rest_route=\/wp\/v2\/pages\/31\/revisions"}],"predecessor-version":[{"id":2182,"href":"https:\/\/www.dame-a-la-licorne.com\/index.php?rest_route=\/wp\/v2\/pages\/31\/revisions\/2182"}],"up":[{"embeddable":true,"href":"https:\/\/www.dame-a-la-licorne.com\/index.php?rest_route=\/wp\/v2\/pages\/1460"}],"wp:attachment":[{"href":"https:\/\/www.dame-a-la-licorne.com\/index.php?rest_route=%2Fwp%2Fv2%2Fmedia&parent=31"}],"curies":[{"name":"wp","href":"https:\/\/api.w.org\/{rel}","templated":true}]}}