{"id":35,"date":"2012-12-06T21:30:16","date_gmt":"2012-12-06T20:30:16","guid":{"rendered":"http:\/\/www2.dame-a-la-licorne.com\/actualites\/evenements-a-venir\/"},"modified":"2025-12-22T21:28:31","modified_gmt":"2025-12-22T20:28:31","slug":"evenements-a-venir","status":"publish","type":"page","link":"https:\/\/www.dame-a-la-licorne.com\/?page_id=35","title":{"rendered":"Ev\u00e9nements pass\u00e9s"},"content":{"rendered":"<strong><u>Exposition du 23 au 30 novembre 2019<\/u><\/strong>\r\n\r\nDans le cadre du mois de l&rsquo;\u00e9conomie sociale et solidaire et de la semaine du recyclage, La Dame \u00e0 la Licorne exposera ses cr\u00e9ations de costumes de l&rsquo;\u00e9poque du m\u00e9di\u00e9val au contemporain \u00e0 la galerie commerciale EPICENTRE &#8211; E. LECLERC 1 rue des Orvilles \u00e0 Barjouville.\r\n\r\nDes d\u00e9monstrations de restauration de costumes seront assur\u00e9es sur place.\r\n\r\nAux horaires d&rsquo;ouverture de la galerie EPICENTRE, venez \u00e0 notre rencontre, \u00e0 celle de l&rsquo;histoire du costume et \u00e0 la d\u00e9couverte de cr\u00e9ations contemporaines r\u00e9alis\u00e9es par notre atelier.\r\n\r\n<strong><u>Le 19 novembre 2019 Signature de la convention CAP&rsquo;ASSO<\/u><\/strong>\r\n\r\nen la pr\u00e9sence de Josiane LEBAIL JOLLY Pr\u00e9sidente de la Dame \u00e0 la Licorne et Fran\u00e7ois BONNEAU Pr\u00e9sident de la R\u00e9gion Centre Val de Loire\r\n\r\n<a href=\"http:\/\/localhost\/dame-a-la-licorne\/wp-content\/uploads\/2019\/11\/19-11-19-signature-convention-capasso.jpg\"><img loading=\"lazy\" decoding=\"async\" class=\"alignright size-medium wp-image-2126\" src=\"http:\/\/localhost\/dame-a-la-licorne\/wp-content\/uploads\/2019\/11\/19-11-19-signature-convention-capasso-300x231.jpg\" alt=\"\" width=\"300\" height=\"231\" srcset=\"https:\/\/www.dame-a-la-licorne.com\/wp-content\/uploads\/2019\/11\/19-11-19-signature-convention-capasso-300x231.jpg 300w, https:\/\/www.dame-a-la-licorne.com\/wp-content\/uploads\/2019\/11\/19-11-19-signature-convention-capasso-150x116.jpg 150w, https:\/\/www.dame-a-la-licorne.com\/wp-content\/uploads\/2019\/11\/19-11-19-signature-convention-capasso-768x592.jpg 768w, https:\/\/www.dame-a-la-licorne.com\/wp-content\/uploads\/2019\/11\/19-11-19-signature-convention-capasso-1024x789.jpg 1024w, https:\/\/www.dame-a-la-licorne.com\/wp-content\/uploads\/2019\/11\/19-11-19-signature-convention-capasso-467x360.jpg 467w\" sizes=\"auto, (max-width: 300px) 100vw, 300px\" \/><\/a>\r\n\r\n<a href=\"http:\/\/localhost\/dame-a-la-licorne\/wp-content\/uploads\/2019\/11\/IMG_6377.jpeg\"><img loading=\"lazy\" decoding=\"async\" class=\"size-medium wp-image-2130 alignnone\" src=\"http:\/\/localhost\/dame-a-la-licorne\/wp-content\/uploads\/2019\/11\/IMG_6377-300x225.jpeg\" alt=\"\" width=\"300\" height=\"225\" srcset=\"https:\/\/www.dame-a-la-licorne.com\/wp-content\/uploads\/2019\/11\/IMG_6377-300x225.jpeg 300w, https:\/\/www.dame-a-la-licorne.com\/wp-content\/uploads\/2019\/11\/IMG_6377-150x113.jpeg 150w, https:\/\/www.dame-a-la-licorne.com\/wp-content\/uploads\/2019\/11\/IMG_6377-768x576.jpeg 768w, https:\/\/www.dame-a-la-licorne.com\/wp-content\/uploads\/2019\/11\/IMG_6377-1024x768.jpeg 1024w, https:\/\/www.dame-a-la-licorne.com\/wp-content\/uploads\/2019\/11\/IMG_6377-480x360.jpeg 480w, https:\/\/www.dame-a-la-licorne.com\/wp-content\/uploads\/2019\/11\/IMG_6377.jpeg 1280w\" sizes=\"auto, (max-width: 300px) 100vw, 300px\" \/><\/a>\r\n\r\n<strong>En images la F\u00eate de la R\u00e9cup \u00e9dition 2019 au CSE de Mainvilliers, organis\u00e9e par Reconstruire Ensemble<\/strong>\r\n\r\n<iframe loading=\"lazy\" title=\"4\u00e8me f\u00eate de la r\u00e9cup&#039; du 16.11.19 \u00e0 Mainvilliers (28300)\" width=\"653\" height=\"367\" src=\"https:\/\/www.youtube.com\/embed\/-S87lv9yh7k?feature=oembed\" frameborder=\"0\" allow=\"accelerometer; autoplay; clipboard-write; encrypted-media; gyroscope; picture-in-picture; web-share\" referrerpolicy=\"strict-origin-when-cross-origin\" allowfullscreen><\/iframe>\r\n\r\n<strong><u>Retour en vid\u00e9os sur les F\u00eates M\u00e9di\u00e9vales de Chartres avec participation en costumes d&rsquo;une partie de nos b\u00e9n\u00e9voles \u00e0 la Parade de cl\u00f4ture .<\/u><\/strong>\r\n\r\n<iframe loading=\"lazy\" title=\"Chartres 1254 - Jour 1\" width=\"653\" height=\"367\" src=\"https:\/\/www.youtube.com\/embed\/P2NMJMEExiA?feature=oembed\" frameborder=\"0\" allow=\"accelerometer; autoplay; clipboard-write; encrypted-media; gyroscope; picture-in-picture; web-share\" referrerpolicy=\"strict-origin-when-cross-origin\" allowfullscreen><\/iframe>\r\n\r\n<iframe loading=\"lazy\" title=\"Chartres 1254  - Jour 2\" width=\"653\" height=\"367\" src=\"https:\/\/www.youtube.com\/embed\/Clllh-D7ArA?feature=oembed\" frameborder=\"0\" allow=\"accelerometer; autoplay; clipboard-write; encrypted-media; gyroscope; picture-in-picture; web-share\" referrerpolicy=\"strict-origin-when-cross-origin\" allowfullscreen><\/iframe>\r\n\r\n<iframe loading=\"lazy\" title=\"Chartres 1254  - Jour 3\" width=\"653\" height=\"367\" src=\"https:\/\/www.youtube.com\/embed\/6hBe2DNleMY?feature=oembed\" frameborder=\"0\" allow=\"accelerometer; autoplay; clipboard-write; encrypted-media; gyroscope; picture-in-picture; web-share\" referrerpolicy=\"strict-origin-when-cross-origin\" allowfullscreen><\/iframe>\r\n\r\n<strong><u>Ateliers disponibles<\/u><\/strong>\r\n<ul>\r\n \t<li>L\u2019atelier \u00e9change de pratique \u00ab\u00a0<em><u>Les Licorni\u00e8res<\/u><\/em>\u00a0\u00bb a rouvert depuis le mercredi 11 septembre 2019 de 9h15 \u00e0 11h45. La premi\u00e8re s\u00e9ance a accueilli de nouvelles couturi\u00e8res. Une d\u00e9monstration sur l&rsquo;entretien courant de sa machine \u00e0 coudre a \u00e9t\u00e9 pr\u00e9sent\u00e9e par notre b\u00e9n\u00e9vole Emile. <span style=\"color: #ff0000;\"><strong>ATELIER COMPLET<\/strong><\/span><\/li>\r\n \t<li>Tous les jeudis de 14h00 \u00e0 16h00 \u00e0 partir du 12 septembre 2019, la Dame \u00e0 la Licorne vous accueille pour un atelier \u00ab\u00a0<em><u>Cr\u00e9ations d\u2019hier et d\u2019aujourd\u2019hui<\/u><\/em>\u00ab\u00a0, afin de vous initier \u00e0 la couture, au tricot, au crochet et vous permettre de r\u00e9aliser\u00a0 vous-m\u00eames\u00a0 vos v\u00eatements <span style=\"color: #ff0000;\"><strong>ATELIER COMPLET<\/strong><\/span>. En outre, cet atelier en comprend deux autres:<\/li>\r\n \t<li>Atelier \u00ab\u00a0<em><u>F\u00eate le vous-m\u00eame<\/u><\/em>\u00a0\u00bb (conseils et cr\u00e9ations de costumes d\u2019enfants et d\u2019adultes sur les diff\u00e9rentes \u00e9poques historiques).<span style=\"color: #ff0000;\"><strong>ATELIER COMPLET<\/strong><\/span><\/li>\r\n \t<li>Atelier \u00ab\u00a0<em><u>Fabrik \u00e0 doudous<\/u><\/em>\u00a0\u00a0\u00bb (confection, personnalisation, r\u00e9parations de doudous).<span style=\"color: #ff0000;\"><strong>ATELIER COMPLET<\/strong><\/span><\/li>\r\n \t<li>Nouveau: 1 mercredi sur 2, de 14h00 \u00e0 16h00 l\u2019atelier\u00a0 \u00ab\u00a0<em><u>Couture en famille<\/u><\/em> \u00ab\u00a0, \u00e0 destination de pr\u00e9-ados, ados et adultes vous permettra de customiser ou cr\u00e9er \u00a0vos tenues tout en apprenant les techniques de couture. Le prochain atelier du mercredi apr\u00e8s-midi aura lieu le\u00a0 9 octobre 2019 : il reste des places ados et pr\u00e9-ado . Possibilit\u00e9 de poursuivre l&rsquo;atelier un samedi par mois ou uniquement le samedi.<\/li>\r\n<\/ul>\r\n<strong><u>Bon cadeau<\/u><\/strong>\r\n\r\nLes bons cadeaux de la Dame \u00e0 la Licorne vous permettent d\u2019offrir \u00e0 vos amis et proches \u00a04 sessions de \u00ab\u00a0<em><u>Couture Cr\u00e9ative<\/u><\/em>\u00a0\u00bb aupr\u00e8s de professionnels de la couture. Il sera possible d&rsquo;y apprendre individuellement et de mani\u00e8re personnalis\u00e9e les bases ainsi que les diff\u00e9rentes techniques de la couture, le patronnage et tout ce qui est li\u00e9 au domaine de la couture.\r\n\r\n<strong><u>Recrutement<\/u><\/strong>\r\n\r\nLa Dame \u00e0 la Licorne est \u00e0 la recherche de b\u00e9n\u00e9voles dans les domaines de la couture, de l\u2019animation d\u2019atelier, de la broderie, de la gestion de stock, de l\u2019informatique. Si vous \u00eates int\u00e9ress\u00e9s, n&rsquo;h\u00e9sitez pas \u00e0 nous envoyez\u00a0 vos candidatures par mail.\r\n\r\n<strong><u>Pr\u00eat de machine<\/u><\/strong>\r\n\r\nPour les habitants du quartier de la Madeleine, la Dame \u00e0 la Licorne met \u00e0 disposition gratuitement des machines \u00e0 coudre familiale. Ce pr\u00eat de mat\u00e9riel est d&rsquo;une dur\u00e9e de 3 mois maximale.\r\n\r\n<strong><u>Anniversaire 2020<\/u><\/strong>\r\n\r\nLa Dame \u00e0 la Licorne f\u00eatera ses 25 ans en 2020. Une journ\u00e9e portes ouvertes sera organis\u00e9e avec entre autres des animations, de la vente et pleins d\u2019autres surprises.\r\n\r\n<strong>Renseignements\u00a0:<\/strong>\r\n\r\nMPT de la Madeleine\r\n\r\nMail Jean de Dunois\r\n\r\n28000 Chartres\r\n\r\n<u>Tel<\/u>\u00a0: 02.37.36.80.72 \u2013 06.09.82.95.13\r\n\r\n<u>Mail<\/u>\u00a0: atelierlicorne@wanadoo.fr\r\n\r\n<u>Site internet<\/u>\u00a0: <a href=\"http:\/\/localhost\/dame-a-la-licorne\">www.dame-a-la-licorne.com<\/a>\r\n\r\n<u>Facebook<\/u> : https:\/\/www.facebook.com\/damealalicorne\r\n\r\n<u>Horaires d&rsquo;ouverture:<\/u>\r\n\r\n<em>Atelier<\/em> : 09h00 &#8211; 12h00 \/ 13h00 &#8211; 17h00\r\n\r\n<em>Administration<\/em> : 09h00 &#8211; 12h00 \/ 13h30 &#8211; 17h30\r\n\r\n\r\n\r\n","protected":false},"excerpt":{"rendered":"<p>Exposition du 23 au 30 novembre 2019 Dans le cadre du mois de l&rsquo;\u00e9conomie sociale et solidaire et de la semaine du recyclage, La Dame \u00e0 la Licorne exposera ses cr\u00e9ations de costumes de l&rsquo;\u00e9poque du m\u00e9di\u00e9val au contemporain \u00e0 la galerie commerciale EPICENTRE &#8211; E. LECLERC 1 rue des Orvilles \u00e0 Barjouville. Des d\u00e9monstrations [&#038;hellip<\/p>\n","protected":false},"author":1,"featured_media":0,"parent":15,"menu_order":5,"comment_status":"closed","ping_status":"open","template":"template-fullwidth.php","meta":{"footnotes":""},"class_list":["post-35","page","type-page","status-publish","hentry"],"_links":{"self":[{"href":"https:\/\/www.dame-a-la-licorne.com\/index.php?rest_route=\/wp\/v2\/pages\/35","targetHints":{"allow":["GET"]}}],"collection":[{"href":"https:\/\/www.dame-a-la-licorne.com\/index.php?rest_route=\/wp\/v2\/pages"}],"about":[{"href":"https:\/\/www.dame-a-la-licorne.com\/index.php?rest_route=\/wp\/v2\/types\/page"}],"author":[{"embeddable":true,"href":"https:\/\/www.dame-a-la-licorne.com\/index.php?rest_route=\/wp\/v2\/users\/1"}],"replies":[{"embeddable":true,"href":"https:\/\/www.dame-a-la-licorne.com\/index.php?rest_route=%2Fwp%2Fv2%2Fcomments&post=35"}],"version-history":[{"count":95,"href":"https:\/\/www.dame-a-la-licorne.com\/index.php?rest_route=\/wp\/v2\/pages\/35\/revisions"}],"predecessor-version":[{"id":2396,"href":"https:\/\/www.dame-a-la-licorne.com\/index.php?rest_route=\/wp\/v2\/pages\/35\/revisions\/2396"}],"up":[{"embeddable":true,"href":"https:\/\/www.dame-a-la-licorne.com\/index.php?rest_route=\/wp\/v2\/pages\/15"}],"wp:attachment":[{"href":"https:\/\/www.dame-a-la-licorne.com\/index.php?rest_route=%2Fwp%2Fv2%2Fmedia&parent=35"}],"curies":[{"name":"wp","href":"https:\/\/api.w.org\/{rel}","templated":true}]}}