{"id":39,"date":"2012-12-06T21:30:58","date_gmt":"2012-12-06T20:30:58","guid":{"rendered":"http:\/\/www2.dame-a-la-licorne.com\/?page_id=39"},"modified":"2019-11-20T15:25:26","modified_gmt":"2019-11-20T14:25:26","slug":"presse","status":"publish","type":"page","link":"https:\/\/www.dame-a-la-licorne.com\/?page_id=39","title":{"rendered":"Presse"},"content":{"rendered":"\n<h3 class=\"wp-block-heading\"><strong>Ann\u00e9e 2019<\/strong><\/h3>\n\n\n\n<h4 class=\"wp-block-heading\"><i>L&rsquo;Echo r\u00e9publicain<\/i><\/h4>\n\n\n\n<p><strong>Robin des Bois de la St-Hilaire<\/strong><\/p>\n\n\n\n<p>A l\u2019occasion de la grande f\u00eate m\u00e9di\u00e9vale de Chartres, une dizaine d\u2019\u00e9l\u00e8ves du coll\u00e8ge Jean Mac\u00e9 de Mainvilliers et des jeunes du secteur pr\u00e9-ados du CSE, ont d\u00e9cid\u00e9 de monter une pi\u00e8ce de th\u00e9\u00e2tre musical sur Robin des Bois. Afin de permettre au public une meilleur immersion, la Dame \u00e0 la Licorne a \u00e9t\u00e9 sollicit\u00e9 pour la cr\u00e9ation des costumes m\u00e9di\u00e9vaux.<\/p>\n\n\n\n<p>En parall\u00e8le la Dame \u00e0 la Licorne a accompagn\u00e9 les parents d\u2019\u00e9l\u00e8ves de l\u2019\u00e9cole Henri IV situ\u00e9 quartier des Clos \u00e0 Chartres dans la confection de 50 tabars.<br><\/p>\n\n\n\n<p><strong>La Dame \u00e0 la Licorne forme des m\u00e9tiers \u00ab\u00a0hors\u00a0\u00bb couture<\/strong><\/p>\n\n\n\n<p>Dans le cadre de l\u2019ACI (atelier et chantier d\u2019insertion), la Dame \u00e0 la Licorne est un tremplin pour ceux d\u00e9sirant se r\u00e9int\u00e9grer dans le milieu professionnel.<\/p>\n\n\n\n<p>Julie Bifane en est le parfait exemple. D\u00e9sirant se tourner dans les m\u00e9tiers de la m\u00e9tallurgie, son passage \u00e0 la Dame \u00e0 la Licorne en tant que couturi\u00e8re lui permet d\u2019acqu\u00e9rir la pr\u00e9cision, les techniques d\u2019assemblages.<br><\/p>\n\n\n\n<h3 class=\"wp-block-heading\"><strong>Ann\u00e9e 2018<\/strong><\/h3>\n\n\n\n<h4 class=\"wp-block-heading\"><i>L&rsquo;Echo r\u00e9publicain<\/i><\/h4>\n\n\n\n<p><strong>Des collectionneurs de 14-18 au Forum<\/strong><\/p>\n\n\n\n<p><strong>\u00ab\u00a0La guerre est une succession de d\u00e9sastre qui a pour r\u00e9sultat un vainqueur<\/strong> <strong>\u00ab\u00a0<\/strong><\/p>\n\n\n\n<p><strong>\u00ab\u00a0Les peuples cessent de vivre quand ils cessent de se souvenir<\/strong> <strong>\u00ab\u00a0<\/strong> Mar\u00e9chal Ferdinand Foch.<\/p>\n\n\n\n<p>Il y a 100 ans, le 11 novembre 1918 \u00e0 11h00, la 1<sup>\u00e8re<\/sup> Guerre Mondiale, dite la Grande Guerre prit fin.<\/p>\n\n\n\n<p>L\u2019armistice de Rethondes est sign\u00e9 \u00e0 5h15 entre les forces alli\u00e9es (la France, les Etats-Unis, la Grande-Bretagne et la Belgique) repr\u00e9sent\u00e9es par Ferdinand Foch et l\u2019Allemagne repr\u00e9sent\u00e9 par Matthias Erzberger.<\/p>\n\n\n\n<p>La Dame \u00e0 la Licorne, en partenariat avec six collectionneurs, a d\u00e9cid\u00e9 de monter une exposition autour de cette fameuse sc\u00e8ne, avec des costumes authentiques, des maquettes reproduisant les sc\u00e8nes de guerre. L&rsquo;exposition sera inaugur\u00e9e le vendredi 16 novembre 2018 \u00e0 16h30 et restera jusqu&rsquo;au 23 novembre 2018.<br><\/p>\n\n\n\n<h3 class=\"wp-block-heading\">Ann\u00e9e 2017<\/h3>\n\n\n\n<h4 class=\"wp-block-heading\"><i>L&rsquo;Echo r\u00e9publicain<\/i><\/h4>\n\n\n\n<p><strong>Des femmes et des licornes<\/strong><\/p>\n\n\n\n<p>L&rsquo;Association la Dame \u00e0 la licorne a organis\u00e9 une journ\u00e9e portes ouvertes dans ses ateliers, \u00e0&nbsp;l&rsquo;occasion de la Journ\u00e9e internationale des droits des femmes, o\u00f9 salari\u00e9s et b\u00e9n\u00e9voles ont accueilli les visiteurs, en leur expliquant le travail dans les ateliers. Les visiteurs ont pu appr\u00e9cier le travail effectu\u00e9 sur des cr\u00e9ations nouvelles, aux teintes de roses, de couleurs nuanc\u00e9es.<\/p>\n\n\n\n<h3 class=\"wp-block-heading\">&nbsp;<\/h3>\n\n\n\n<h3 class=\"wp-block-heading\">Ann\u00e9e 2016<\/h3>\n\n\n\n<h4 class=\"wp-block-heading\"><strong>Une f\u00e9erie blanche \u00e0 la MPT<\/strong><\/h4>\n\n\n\n<p>Un voyage hivernal f\u00e9erique, nous avons voulu offrir du r\u00eave et de l&rsquo;\u00e9vasion aux visiteurs, en ce temps moroses souligne Jocelyne, guide de l&rsquo;exposition. Elle a \u00e9t\u00e9 pr\u00e9par\u00e9e par six b\u00e9n\u00e9voles et salari\u00e9s de l&rsquo;association: Augusto, Jocelyne, Dani\u00e8le, Christian, Anne et Sylviane.<\/p>\n\n\n\n<p>Cette exposition, intitul\u00e9e f\u00e9erie blanche, est ax\u00e9e sur le th\u00e8me du monde \u00ab\u00a0du r\u00eave, de l&rsquo;imaginaire, des f\u00e9es et des princesses&#8230;\u00a0\u00bben accordant au blanc une place centrale, avec des robes de mari\u00e9es transform\u00e9es en habits d&rsquo;anges, des chapeaux et autres accessoires de d\u00e9corations. Nous avons revisit\u00e9 la d\u00e9coration de No\u00ebl et ses guirlandes, remplac\u00e9es par des boules blanches et &nbsp;des coeurs en dentelle, en tulle, en fourrure, blanc et argent.<br><\/p>\n\n\n\n<h4 class=\"wp-block-heading\"><strong>Les Artisanales de Chartres<\/strong><\/h4>\n\n\n\n<p>Au travers des pi\u00e8ces qui ont \u00e9t\u00e9&nbsp;expos\u00e9es aux Artisanales de Chartres, vous avez voyag\u00e9 \u00e0 travers le temps en passant d&rsquo;une \u00e9poque \u00e0 l&rsquo;autre au fils de votre visite.<\/p>\n\n\n\n<p>L\u2019espace de l\u2019atelier de cr\u00e9ation de costumes de la Dame \u00e0 la Licorne a d\u00e9voil\u00e9 tous les secrets autour de la couture et des modes en offrant aux visiteurs :<br>&#8211; <strong>des savoir-faire avec d\u00e9monstrations<\/strong> sur des machines \u00e0 coudre diversifi\u00e9es (surjeteuses, travail sur cuir, cotte de maille, broderies, table de coupe, presse \u00e0 repasser etc\u2026)<br>&#8211; <strong>le d\u00e9fil\u00e9 \u00ab un voyage dans le temps \u00bb<\/strong>&nbsp;a &nbsp;pr\u00e9sent\u00e9 une collection de costumes remarquables inspir\u00e9s de la p\u00e9riode \u00ab MEDIEVALE \u00bb en regard de la \u00ab Mode CONTEMPORAINE \u00bb<\/p>\n\n\n\n<h4 class=\"wp-block-heading\">&nbsp;<\/h4>\n\n\n\n<h3 class=\"wp-block-heading\">Ann\u00e9e 2015<\/h3>\n\n\n\n<h4 class=\"wp-block-heading\"><i>L\u2019Echo R\u00e9publicain<\/i><\/h4>\n\n\n\n<h4 class=\"wp-block-heading\"><strong>Le bel \u00e2ge de la Dame \u00e0 la licorne<\/strong><\/h4>\n\n\n\n<p>L&rsquo;association La Dame \u00e0 la licorne, cr\u00e9\u00e9e dans la foul\u00e9e des c\u00e9l\u00e9brations du huiti\u00e8me centenaire de la cath\u00e9drale de &nbsp;Chartres, en 1994, vient de souffler sa 20\u00e8 bougie. Une exposition marque ce rendez-vous.<\/p>\n\n\n\n<p>Pour&nbsp;f\u00eater cet anniversaire, des costumes et des robes qui retracent les diff\u00e9rentes \u00e9poques, du Moyen-Age au si\u00e8cles dernier, sont expos\u00e9s \u00e0 la MPT. Cette exposition rappelle l&rsquo;\u00e9norme travail effectu\u00e9 par l&rsquo;association qui emploie une vingtaine de salari\u00e9s en insertion.<\/p>\n\n\n\n<h3 class=\"wp-block-heading\">Ann\u00e9e 2011<\/h3>\n\n\n\n<p>Femme Actuelle a prim\u00e9 la Pr\u00e9sidente Josiane Le Bail \u00ab\u00a0Femme Formidable 2011\u00a0\u00bb<\/p>\n\n\n\n<p>Extraits de journaux portant sur la Dame \u00e0 la Licorne.<\/p>\n\n\n\n<h3 class=\"wp-block-heading\">&nbsp;<\/h3>\n\n\n\n<p><\/p>\n","protected":false},"excerpt":{"rendered":"<p>Ann\u00e9e 2019 L&rsquo;Echo r\u00e9publicain Robin des Bois de la St-Hilaire A l\u2019occasion de la grande f\u00eate m\u00e9di\u00e9vale de Chartres, une dizaine d\u2019\u00e9l\u00e8ves du coll\u00e8ge Jean Mac\u00e9 de Mainvilliers et des jeunes du secteur pr\u00e9-ados du CSE, ont d\u00e9cid\u00e9 de monter une pi\u00e8ce de th\u00e9\u00e2tre musical sur Robin des Bois. Afin de permettre au public une [&#038;hellip<\/p>\n","protected":false},"author":1,"featured_media":0,"parent":15,"menu_order":3,"comment_status":"closed","ping_status":"closed","template":"template-fullwidth.php","meta":{"footnotes":""},"class_list":["post-39","page","type-page","status-publish","hentry"],"_links":{"self":[{"href":"https:\/\/www.dame-a-la-licorne.com\/index.php?rest_route=\/wp\/v2\/pages\/39","targetHints":{"allow":["GET"]}}],"collection":[{"href":"https:\/\/www.dame-a-la-licorne.com\/index.php?rest_route=\/wp\/v2\/pages"}],"about":[{"href":"https:\/\/www.dame-a-la-licorne.com\/index.php?rest_route=\/wp\/v2\/types\/page"}],"author":[{"embeddable":true,"href":"https:\/\/www.dame-a-la-licorne.com\/index.php?rest_route=\/wp\/v2\/users\/1"}],"replies":[{"embeddable":true,"href":"https:\/\/www.dame-a-la-licorne.com\/index.php?rest_route=%2Fwp%2Fv2%2Fcomments&post=39"}],"version-history":[{"count":35,"href":"https:\/\/www.dame-a-la-licorne.com\/index.php?rest_route=\/wp\/v2\/pages\/39\/revisions"}],"predecessor-version":[{"id":2134,"href":"https:\/\/www.dame-a-la-licorne.com\/index.php?rest_route=\/wp\/v2\/pages\/39\/revisions\/2134"}],"up":[{"embeddable":true,"href":"https:\/\/www.dame-a-la-licorne.com\/index.php?rest_route=\/wp\/v2\/pages\/15"}],"wp:attachment":[{"href":"https:\/\/www.dame-a-la-licorne.com\/index.php?rest_route=%2Fwp%2Fv2%2Fmedia&parent=39"}],"curies":[{"name":"wp","href":"https:\/\/api.w.org\/{rel}","templated":true}]}}