{"id":468,"date":"2012-02-01T01:00:43","date_gmt":"2012-02-01T00:00:43","guid":{"rendered":"http:\/\/www2.dame-a-la-licorne.com\/?page_id=468"},"modified":"2026-02-24T13:50:43","modified_gmt":"2026-02-24T12:50:43","slug":"chantier-dnsertion","status":"publish","type":"page","link":"https:\/\/www.dame-a-la-licorne.com\/?page_id=468","title":{"rendered":"Atelier et Chantier d&rsquo;Insertion (ACI)"},"content":{"rendered":"\r\n\r\nL&rsquo;<strong>Atelier Chantier d&rsquo;Insertion (A.C.I)<\/strong> est conventionn\u00e9 par les services de l&rsquo;\u00c9tat au titre des Structures d&rsquo;Insertion par l&rsquo;Activit\u00e9 \u00c9conomique.\r\nCet atelier accompagne annuellement plus de 30 personnes, demandeurs d&#8217;emploi, rencontrant des difficult\u00e9s sociales et professionnelles, dans l&rsquo;objectif de faciliter leur insertion professionnelle. Les r\u00e9alisations concr\u00e8tes et valorisantes, quelles qu&rsquo;en soient la grandeur et l&rsquo;importance, sont l&rsquo;occasion pour ces personnes, initialement priv\u00e9es d&#8217;emploi, d&rsquo;acqu\u00e9rir des savoir-faire, de r\u00e9activer des savoir-\u00eatre, de reprendre confiance en elles, de construire et valider un projet en coh\u00e9rence avec leurs potentialit\u00e9s et le march\u00e9 local de l&#8217;emploi.\r\nAffect\u00e9s \u00e0 diff\u00e9rents postes de travail (couturier-e, brodeur-euse, agent-e de lingerie, assistant-e costumier-e) les salari\u00e9s b\u00e9n\u00e9ficient d&rsquo;un accompagnement professionnel assur\u00e9 par le chef d&rsquo;atelier encadrant technique dipl\u00f4m\u00e9 et styliste cr\u00e9ateur.\r\nToutes les \u00e9tapes de la couture sont abord\u00e9es : d\u00e9couverte du textile, petite couture, entretien du linge, coupe, patronage, utilisation des machines professionnelles et semi professionnelles \u00e0 coudre, sur-jeteuses, brodeuses, machines \u00e0 presse, machines \u00e0 bouton, teinture des tissus avec charte des couleurs \u00e0 respecter pour les toilettes d\u2019\u00e9poque, recherches historiques, essayage.\r\n\r\nL&rsquo;atelier comprend plus de 35 machines professionnelles : piqueuses, surjeteuses, brodeuses.\r\n\r\n&nbsp;\r\n\r\n<address><img loading=\"lazy\" decoding=\"async\" class=\"alignleft size-thumbnail wp-image-540\" title=\"125\" src=\"http:\/\/localhost\/dame-a-la-licorne\/wp-content\/uploads\/2013\/02\/1251-150x112.jpg\" alt=\"\" width=\"150\" height=\"112\" srcset=\"https:\/\/www.dame-a-la-licorne.com\/wp-content\/uploads\/2013\/02\/1251-150x112.jpg 150w, https:\/\/www.dame-a-la-licorne.com\/wp-content\/uploads\/2013\/02\/1251-300x225.jpg 300w, https:\/\/www.dame-a-la-licorne.com\/wp-content\/uploads\/2013\/02\/1251-1024x768.jpg 1024w, https:\/\/www.dame-a-la-licorne.com\/wp-content\/uploads\/2013\/02\/1251-480x360.jpg 480w, https:\/\/www.dame-a-la-licorne.com\/wp-content\/uploads\/2013\/02\/1251.jpg 1824w\" sizes=\"auto, (max-width: 150px) 100vw, 150px\" \/> <img loading=\"lazy\" decoding=\"async\" class=\"alignleft size-thumbnail wp-image-541\" title=\"127\" src=\"http:\/\/localhost\/dame-a-la-licorne\/wp-content\/uploads\/2013\/02\/127-150x112.jpg\" alt=\"\" width=\"150\" height=\"112\" srcset=\"https:\/\/www.dame-a-la-licorne.com\/wp-content\/uploads\/2013\/02\/127-150x112.jpg 150w, https:\/\/www.dame-a-la-licorne.com\/wp-content\/uploads\/2013\/02\/127-300x225.jpg 300w, https:\/\/www.dame-a-la-licorne.com\/wp-content\/uploads\/2013\/02\/127-1024x768.jpg 1024w, https:\/\/www.dame-a-la-licorne.com\/wp-content\/uploads\/2013\/02\/127-480x360.jpg 480w, https:\/\/www.dame-a-la-licorne.com\/wp-content\/uploads\/2013\/02\/127.jpg 1824w\" sizes=\"auto, (max-width: 150px) 100vw, 150px\" \/><img loading=\"lazy\" decoding=\"async\" class=\"alignleft size-thumbnail wp-image-542\" title=\"129\" src=\"http:\/\/localhost\/dame-a-la-licorne\/wp-content\/uploads\/2013\/02\/129-150x112.jpg\" alt=\"\" width=\"150\" height=\"112\" srcset=\"https:\/\/www.dame-a-la-licorne.com\/wp-content\/uploads\/2013\/02\/129-150x112.jpg 150w, https:\/\/www.dame-a-la-licorne.com\/wp-content\/uploads\/2013\/02\/129-300x225.jpg 300w, https:\/\/www.dame-a-la-licorne.com\/wp-content\/uploads\/2013\/02\/129-1024x768.jpg 1024w, https:\/\/www.dame-a-la-licorne.com\/wp-content\/uploads\/2013\/02\/129-480x360.jpg 480w, https:\/\/www.dame-a-la-licorne.com\/wp-content\/uploads\/2013\/02\/129.jpg 1824w\" sizes=\"auto, (max-width: 150px) 100vw, 150px\" \/><\/address><address>\u00a0<img loading=\"lazy\" decoding=\"async\" class=\"size-thumbnail wp-image-548 alignleft\" title=\"DSCF3549\" src=\"http:\/\/localhost\/dame-a-la-licorne\/wp-content\/uploads\/2013\/02\/DSCF3549-150x106.jpg\" alt=\"\" width=\"150\" height=\"106\" srcset=\"https:\/\/www.dame-a-la-licorne.com\/wp-content\/uploads\/2013\/02\/DSCF3549-150x106.jpg 150w, https:\/\/www.dame-a-la-licorne.com\/wp-content\/uploads\/2013\/02\/DSCF3549-300x212.jpg 300w, https:\/\/www.dame-a-la-licorne.com\/wp-content\/uploads\/2013\/02\/DSCF3549-1024x724.jpg 1024w, https:\/\/www.dame-a-la-licorne.com\/wp-content\/uploads\/2013\/02\/DSCF3549-508x360.jpg 508w\" sizes=\"auto, (max-width: 150px) 100vw, 150px\" \/><\/address>","protected":false},"excerpt":{"rendered":"<p>L&rsquo;Atelier Chantier d&rsquo;Insertion (A.C.I) est conventionn\u00e9 par les services de l&rsquo;\u00c9tat au titre des Structures d&rsquo;Insertion par l&rsquo;Activit\u00e9 \u00c9conomique. Cet atelier accompagne annuellement plus de 30 personnes, demandeurs d&#8217;emploi, rencontrant des difficult\u00e9s sociales et professionnelles, dans l&rsquo;objectif de faciliter leur insertion professionnelle. Les r\u00e9alisations concr\u00e8tes et valorisantes, quelles qu&rsquo;en soient la grandeur et l&rsquo;importance, sont [&#038;hellip<\/p>\n","protected":false},"author":1,"featured_media":0,"parent":0,"menu_order":4,"comment_status":"closed","ping_status":"closed","template":"template-fullwidth.php","meta":{"footnotes":""},"class_list":["post-468","page","type-page","status-publish","hentry"],"_links":{"self":[{"href":"https:\/\/www.dame-a-la-licorne.com\/index.php?rest_route=\/wp\/v2\/pages\/468","targetHints":{"allow":["GET"]}}],"collection":[{"href":"https:\/\/www.dame-a-la-licorne.com\/index.php?rest_route=\/wp\/v2\/pages"}],"about":[{"href":"https:\/\/www.dame-a-la-licorne.com\/index.php?rest_route=\/wp\/v2\/types\/page"}],"author":[{"embeddable":true,"href":"https:\/\/www.dame-a-la-licorne.com\/index.php?rest_route=\/wp\/v2\/users\/1"}],"replies":[{"embeddable":true,"href":"https:\/\/www.dame-a-la-licorne.com\/index.php?rest_route=%2Fwp%2Fv2%2Fcomments&post=468"}],"version-history":[{"count":20,"href":"https:\/\/www.dame-a-la-licorne.com\/index.php?rest_route=\/wp\/v2\/pages\/468\/revisions"}],"predecessor-version":[{"id":2402,"href":"https:\/\/www.dame-a-la-licorne.com\/index.php?rest_route=\/wp\/v2\/pages\/468\/revisions\/2402"}],"wp:attachment":[{"href":"https:\/\/www.dame-a-la-licorne.com\/index.php?rest_route=%2Fwp%2Fv2%2Fmedia&parent=468"}],"curies":[{"name":"wp","href":"https:\/\/api.w.org\/{rel}","templated":true}]}}