{"id":810,"date":"2026-01-05T18:22:39","date_gmt":"2026-01-05T17:22:39","guid":{"rendered":"http:\/\/www2.dame-a-la-licorne.com\/?page_id=810"},"modified":"2026-02-24T13:50:43","modified_gmt":"2026-02-24T12:50:43","slug":"mentions-legales","status":"publish","type":"page","link":"https:\/\/www.dame-a-la-licorne.com\/?page_id=810","title":{"rendered":"Mentions l\u00e9gales"},"content":{"rendered":"\r\n\r\n<strong>MENTIONS LEGALES<\/strong>\r\n\r\n\r\n\r\n\r\n\r\nConform\u00e9ment aux dispositions des Articles 6-III et 19 de la\u00a0Loi n\u00b02004-575 du 21 juin 2004 pour la Confiance dans l\u2019\u00e9conomie num\u00e9rique,\r\ndite L.C.E.N, il est port\u00e9 \u00e0 la connaissance des Utilisateurs du site <a href=\"http:\/\/localhost\/dame-a-la-licorne\">http:\/\/localhost\/dame-a-la-licorne<\/a>\u00a0les pr\u00e9sentes mentions l\u00e9gales.\r\n\r\n\r\n\r\n\r\n\r\nLa connexion et la navigation sur le site (<a href=\"http:\/\/localhost\/dame-a-la-licorne\">http:\/\/localhost\/dame-a-la-licorne<\/a>) par\u00a0l\u2019Utilisateur implique acceptation int\u00e9grale et sans r\u00e9serve des pr\u00e9sentes\u00a0mentions l\u00e9gales.\r\n\r\n\r\n\r\n\r\n\r\nCes derni\u00e8res sont accessibles sur le site \u00e0 la rubrique\u00a0\u00ab\u00a0Mentions l\u00e9gales\u00a0\u00bb.\r\n\r\n\r\n\r\n\r\n\r\n<strong>EDITEUR<\/strong>\r\n\r\n\r\n\r\n\r\n\r\nL\u2019\u00e9dition du site <a href=\"http:\/\/localhost\/dame-a-la-licorne\">http:\/\/localhost\/dame-a-la-licorne<\/a>\u00a0est assur\u00e9e par la Dame \u00e0 la Licorne, association \u00e0 but non lucratif.\r\n\r\n\r\n\r\n\r\n\r\nStatut du propri\u00e9taire du site\u00a0: Association de loi 1901 \u00e0 but non lucratif.\r\n\r\n\r\n\r\n\r\n\r\nSIRET\u00a0: 402813901 00038\r\n\r\n\r\n\r\n\r\n\r\nAdresse postale du propri\u00e9taire\u00a0: MPT Maison Pour Tous\r\nLa Madeleine, Mail Jean de Dunois, 28000 CHARTRES\r\n\r\n\r\n\r\n\r\n\r\n<strong>HEBERGEMENT DU SITE<\/strong>\r\n\r\n\r\n\r\n\r\n\r\nCe site est h\u00e9berg\u00e9 par la soci\u00e9t\u00e9 OVH dont le si\u00e8ge social\u00a0se situe\u00a0: 2 rue Kellermann, 59100 Roubaix \u2013 France\r\n\r\n\r\n\r\n\r\n\r\n<strong>VIE PRIVEE ET COOKIES<\/strong>\r\n\r\n\r\n\r\n\r\n\r\nVous pouvez visiter librement et anonymement notre site\u00a0internet. En continuant \u00e0 naviguer sur ce site, vous acceptez l\u2019utilisation de\r\ncookies.\r\n\r\n\r\n\r\n\r\n\r\n<strong>PROTECTION DES DONNEES PERSONNELLES<\/strong>\r\n\r\n\r\n\r\n\r\n\r\nLa Dame \u00e0 la Licorne limite la collecte de vos donn\u00e9es personnelles au strict minimum sans informations superflues. Il est possible pour les personnes dont les donn\u00e9es ont \u00e9t\u00e9 collect\u00e9es de conna\u00eetre les \u00e9l\u00e9ments que nous conservons sur elles. Aucune information n\u2019est collect\u00e9e \u00e0 votre insu ni c\u00e9d\u00e9e \u00e0 des tiers.\r\n\r\n\r\n\r\n\r\n\r\n<strong>POLITIQUE DE PROTECTION DES DONNEES PERSONNELLES<\/strong>\r\n\r\n\r\n\r\n\r\n\r\n<strong>Donn\u00e9es personnelles collect\u00e9es par La Dame \u00e0 la Licorne\u00a0dans le cadre de la gestion de ses adh\u00e9rents \u2013 Finalit\u00e9s<\/strong>\r\n\r\n\r\n\r\n\r\n\r\nDans le\u00a0cadre de la gestion de ses adh\u00e9rents, (administrateurs, membres associ\u00e9s,\u00a0consultants, adh\u00e9rents,\u00a0 usagers, b\u00e9n\u00e9voles r\u00e9guliers et occasionnels), La\u00a0Dame\u00a0 \u00e0 la Licorne collecte et traite, \u00e0\u00a0l\u2019aide de formulaires papiers (carnet d\u2019adh\u00e9sions, candidatures au Conseil\r\nd\u2019Administration, \u2026 ), des donn\u00e9es \u00e0 caract\u00e8re personnel.\r\n\r\n\r\n\r\n\r\n\r\nPendant\u00a0toute la dur\u00e9e de conservation des donn\u00e9es personnelles, nous mettons en place\u00a0tous les moyens aptes \u00e0 assurer leur confidentialit\u00e9 et leur s\u00e9curit\u00e9.\r\n\r\n\r\n\r\n\r\n\r\nCes donn\u00e9es\u00a0personnelles ne seront trait\u00e9es ou utilis\u00e9es qu\u2019en cas de n\u00e9cessit\u00e9\u00a0:\r\n\r\n\r\n\r\n\r\n\r\n&#8211; pour\u00a0r\u00e9pondre aux obligations statutaires\u00a0 de l\u2019association \u00ab\u00a0La Dame \u00e0 la\u00a0Licorne\u00a0\u00bb comme les <em>noms,\u00a0pr\u00e9nom,\u00a0 adresse postale<\/em>, <em>\u00a0email, \u00a0num\u00e9ro de t\u00e9l\u00e9phone<\/em> des adh\u00e9rents et\u00a0ainsi\u00a0:\r\n\r\n\r\n\r\n\r\n<ul class=\"wp-block-list\">\r\n \t<li>Leur adresser\u00a0 les\u00a0convocations aux assembl\u00e9es g\u00e9n\u00e9rales et aux commissions techniques,\u00a0 les rapports moral, d\u2019activit\u00e9 et\r\nfinancier, \u2026<\/li>\r\n \t<li>organiser et les\u00a0informer des animations mises en place par l\u2019association\u00a0:\u00a0planning des ateliers de loisirs, portes-ouvertes, expositions, parades\u00a0historiques programm\u00e9es tout au long de l\u2019ann\u00e9e, \u2026<\/li>\r\n<\/ul>\r\n\r\n\r\n\r\n\r\n&#8211; pour\u00a0r\u00e9pondre \u00e0 une obligation l\u00e9gale et\/ou r\u00e9glementaire, comme par exemple\u00a0:\r\n\r\n\r\n\r\n\r\n<ul class=\"wp-block-list\">\r\n \t<li><em>Leurs noms, pr\u00e9nom, date et\u00a0lieu de naissance, profession, adresse postale, num\u00e9ro de t\u00e9l\u00e9phone <\/em>pour les d\u00e9clarer, le cas \u00e9ch\u00e9ant, comme membres du Conseil\u00a0d\u2019Administration aupr\u00e8s des services de La Pr\u00e9fecture d\u2019Eure et Loir<\/li>\r\n \t<li><em>Les num\u00e9ros de permis B et\u00a0de carte grise du v\u00e9hicule <\/em>pour\u00a0les rembourser, le cas \u00e9ch\u00e9ant, des frais de d\u00e9placement ou \u00e9tablir\r\nl\u2019attestation fiscale de renoncement aux remboursements des frais \u00e0\u00a0adresser aux Services Fiscaux<\/li>\r\n \t<li><em>Le nom et le num\u00e9ro d\u2019un de ses\u00a0contacts<\/em> \u00e0\u00a0pr\u00e9venir en cas d\u2019urgence m\u00e9dicale<\/li>\r\n<\/ul>\r\n\r\n\r\n\r\n\r\n&#8211; pour\u00a0r\u00e9pondre \u00e0 une convention avec nos partenaires, comme par\u00a0exemple\u00a0:\r\n\r\n\r\n\r\n\r\n<ul class=\"wp-block-list\">\r\n \t<li><em>Leurs noms, pr\u00e9nom, adresse,\u00a0mail et num\u00e9ro de t\u00e9l\u00e9phone<\/em> pour\u00a0organiser les permanences mensuelles 2 jours par mois aupr\u00e8s des publics\u00a0vuln\u00e9rables dans des agences postales chartraines de la Poste<\/li>\r\n \t<li><em>Son \u00e2ge, sa profession pour\u00a0\u00e9tablir des statistiques <\/em>\u00e0 la\u00a0demande de la CAF d\u2019Eure et Loir<\/li>\r\n<\/ul>\r\n\r\n\r\n\r\n\r\nCes donn\u00e9es\u00a0personnelles seront conserv\u00e9es jusqu\u2019\u00e0 la demande d\u2019effacement par l\u2019adh\u00e9rent\u00a0ou 5 ans apr\u00e8s la derni\u00e8re cotisation. Elles sont destin\u00e9es \u00e0 un usage interne\u00a0\u00e0 l\u2019association.\r\n\r\n\r\n\r\n\r\n\r\n<strong>Donn\u00e9es personnelles collect\u00e9es par La Dame \u00e0 la Licorne\u00a0dans le cadre de la gestion de ses prestations de service \u2013 Finalit\u00e9s<\/strong>\r\n\r\n\r\n\r\n\r\n\r\nLors d\u2019une\u00a0commande de prestation de service (location, cr\u00e9ation vente, restauration,\u00a0petits travaux de couture, broderie) ou d\u2019inscription \u00e0 un ou des ateliers de\u00a0couture cr\u00e9ative en loisirs, La Dame \u00e0 la Licorne collecte et traite \u00e0 l\u2019aide\u00a0de formulaires papiers (courrier mail, bon de commande, fiche mensurations,\u00a0fiche inscription atelier) des donn\u00e9es \u00e0 caract\u00e8re personnel concernant ses\u00a0prospects et clients.\r\n\r\n\r\n\r\n\r\n\r\nCes donn\u00e9es\u00a0personnelles ne seront trait\u00e9es ou utilis\u00e9es qu\u2019en cas de n\u00e9cessit\u00e9. Ainsi, La\u00a0Dame \u00e0 la Licorne collecte et conserve :\r\n\r\n\r\n\r\n\r\n\r\n&#8211; des donn\u00e9es d\u2019identification : <em>noms et pr\u00e9nom<\/em>\r\n\r\n\r\n\r\n\r\n\r\n&#8211; des\u00a0donn\u00e9es de contact : <em>adresse,\u00a0postale,\u00a0 adresse mail, num\u00e9ro de\u00a0t\u00e9l\u00e9phone fixe ou mobile<\/em>\r\n\r\n\r\n\r\n\r\n\r\n&#8211; des\u00a0donn\u00e9es financi\u00e8res : <em>les moyens et\u00a0 l\u2019historique de paiements des factures<\/em>\r\n\r\n\r\n\r\n\r\n\r\n&#8211; des\u00a0donn\u00e9es commerciales : <em>les prestations et\u00a0les services b\u00e9n\u00e9fici\u00e9s, les mensurations des projets r\u00e9alis\u00e9s<\/em>\r\n\r\n\r\n\r\n\r\n\r\nCes donn\u00e9es\u00a0collect\u00e9es ont pour finalit\u00e9\u00a0:\r\n\r\n\r\n\r\n\r\n\r\n&#8211; la gestion en\u00a0interne de nos clients\u00a0: g\u00e9rer une demande de location, une cr\u00e9ation-vente,\u00a0une broderie, une restauration, des petits travaux de couture,\u00a0 adresser un devis, informer du suivi du\u00a0projet en cours, enregistrer une r\u00e9servation sur un atelier de couture en\u00a0loisirs, \u00e9tablir la facture, assurer un service apr\u00e8s-vente\r\n\r\n\r\n\r\n\r\n\r\n&#8211; la gestion des\u00a0fournisseurs\u00a0: prendre des commandes pour r\u00e9aliser les projets de nos\u00a0clients et nos \u00e9v\u00e9nements socioculturels\r\n\r\n\r\n\r\n\r\n\r\nLes donn\u00e9es\u00a0personnelles sont conserv\u00e9es 11 ans par La Dame \u00e0 la Licorne pour r\u00e9pondre \u00e0\u00a0ses obligations statutaires, l\u00e9gales et r\u00e9glementaires et \u00e0 l\u2019exercice des pr\u00e9rogatives qui lui sont reconnues par la loi et la jurisprudence.\r\n\r\n\r\n\r\n\r\n\r\n<strong>Donn\u00e9es personnelles collect\u00e9es par La Dame \u00e0 la Licorne\u00a0dans le cadre de sa gestion du personnel &#8211; Finalit\u00e9s<\/strong>\r\n\r\n\r\n\r\n\r\n\r\nDans le\u00a0cadre de la gestion du personnel, de la paie et de l\u2019accompagnement\u00a0socioprofessionnel (des salari\u00e9s en insertion), La Dame \u00e0 la Licorne est amen\u00e9e\u00a0\u00e0 collecter des donn\u00e9es personnelles qui font l\u2019objet de diff\u00e9rents\u00a0traitements.\r\n\r\n\r\n\r\n\r\n\r\nCes donn\u00e9es personnelles\u00a0ne seront trait\u00e9es ou utilis\u00e9es qu\u2019en cas de n\u00e9cessit\u00e9\u00a0:\r\n\r\n\r\n\r\n\r\n\r\n&#8211; pour le recrutement\r\n\r\n\r\n\r\n\r\n<ul class=\"wp-block-list\">\r\n \t<li><em>Le CV, lettre de motivation, fiche navette IAE<\/em> pour \u00e9tudier la\u00a0candidature et convoquer \u00e0 un entretien le candidat<\/li>\r\n<\/ul>\r\n\r\n\r\n\r\n\r\n&#8211; pour l\u2019ex\u00e9cution du\u00a0contrat de travail, comme par exemple\u00a0:\r\n\r\n\r\n\r\n\r\n<ul class=\"wp-block-list\">\r\n \t<li><em>Les coordonn\u00e9es\u00a0bancaires<\/em> pour verser le salaire ou les indemnit\u00e9s de service civique<\/li>\r\n \t<li><em>L\u2019adresse\u00a0postale<\/em> pour adresser\u00a0des courriers<\/li>\r\n \t<li><em>Le \u00a0num\u00e9ro de t\u00e9l\u00e9phone et mail<\/em> pour pouvoir\u00a0joindre la personne pendant le temps de travail<\/li>\r\n<\/ul>\r\n\r\n\r\n\r\n\r\n&#8211; pour r\u00e9pondre \u00e0 une\u00a0obligation l\u00e9gale et\/ou r\u00e9glementaire, comme par exemple\u00a0:\r\n\r\n\r\n\r\n\r\n<ul class=\"wp-block-list\">\r\n \t<li><em>Les noms,\u00a0pr\u00e9noms, date et lieu de naissance, num\u00e9ro de s\u00e9curit\u00e9 sociale, num\u00e9ro de\u00a0carte nationale d\u2019identit\u00e9 ou du titre de s\u00e9jour, niveau de formation<\/em>, pour les\u00a0d\u00e9clarations aupr\u00e8s de l\u2019URSSAF,\u00a0l\u2019\u00e9tablissement du contrat de travail, la gestion des formations\r\naupr\u00e8s d\u2019UNIFORMATION, la demande de visite m\u00e9dicale aupr\u00e8s de la SISTEL, le suivi des arr\u00eats de travail aupr\u00e8s de Net Entreprise<\/li>\r\n \t<li><em>La situation\u00a0familiale et le nombre d\u2019enfants<\/em> pour inscrire le salari\u00e9 aux r\u00e9gimes\u00a0pr\u00e9voyance\u00a0 CHORUM et compl\u00e9mentaire\r\nsant\u00e9 HARMONIE MUTUELLE<\/li>\r\n \t<li><em>Les num\u00e9ros de\u00a0permis B et de la carte grise du v\u00e9hicule <\/em>en cas de\u00a0d\u00e9placement professionnel<\/li>\r\n<\/ul>\r\n\r\n\r\n\r\n\r\n&#8211; pour r\u00e9pondre \u00e0 une\u00a0convention, un agr\u00e9ment sign\u00e9 avec l\u2019un de nos partenaires Etat, comme par\u00a0exemple\u00a0:\r\n\r\n\r\n\r\n\r\n<ul class=\"wp-block-list\">\r\n \t<li><em>Le num\u00e9ro\u00a0identifiant et dur\u00e9e d\u2019inscription \u00e0 P\u00f4le Emploi, le num\u00e9ro allocataire\u00a0CAF, le type d\u2019allocation per\u00e7u, si le candidat est reconnu en qualit\u00e9 de\u00a0travailleur handicap\u00e9, si b\u00e9n\u00e9ficie de l\u2019aide sociale,<\/em> \u2026 pour adresser\u00a0la demande d\u2019agr\u00e9ment IAE \u00e0 POLE EMPLOI, saisir le dossier du salari\u00e9 en\u00a0CDD-Insertion dans la plateforme ASP IAE ou ASP Elisa, \u00e9tablir le Contrat\r\nd\u2019Engagement R\u00e9ciproque transmis au CONSEIL DEPARTEMENTAL D\u2019EURE ET LOIR\u00a0SERVICE INSERTION pour les salari\u00e9s b\u00e9n\u00e9ficiaires du RSA,\u00a0 transmettre \u00e0 POLE EMPLOI le bilan du parcours\u00a0IAE \u00e0 l\u2019issu du contrat\/agr\u00e9ment co-sign\u00e9 Direction de la Dame \u00e0 la\u00a0Licorne et salari\u00e9.<\/li>\r\n<\/ul>\r\n\r\n\r\n\r\n\r\nCes donn\u00e9es personnelles seront conserv\u00e9es aussi longtemps que n\u00e9cessaire \u00e0 l\u2019ex\u00e9cution du contrat de travail, \u00e0 l\u2019accomplissement par La Dame \u00e0 la Licorne de ses obligations l\u00e9gales et r\u00e9glementaires, \u00e0 ses conventions avec ses partenaires institutionnels et \u00e0 l\u2019exercice des pr\u00e9rogatives lui \u00e9tant reconnues par la loi et la jurisprudence.\r\n\r\n\r\n\r\n\r\n\r\n<strong>PARTAGE DES DONNEES PERSONNELLES<\/strong>\r\n\r\n\r\n\r\n\r\n\r\nLes donn\u00e9es\u00a0personnelles collect\u00e9es sont utilis\u00e9es exclusivement par la Dame \u00e0 la Licorne.\u00a0Toutefois, La Dame \u00e0 la Licorne est amen\u00e9e selon les besoins et sur demande\u00a0uniquement \u00e0 transmettre ces donn\u00e9es aux partenaires institutionnels associ\u00e9s \u00e0\u00a0savoir\u00a0:\r\n\r\n\r\n\r\n\r\n<ul class=\"wp-block-list\">\r\n \t<li>La Direction\u00a0R\u00e9gionale des Entreprises, de la Concurrence, de la Consommation, du Travail et\r\nde l\u2019Emploi du Centre Val de Loire, Unit\u00e9 Territoriale d\u2019Eure et Loir &#8211; 13 rue\r\ndu Docteur Haye 28019 Chartres Cedex \u2013 <a href=\"http:\/\/www.centre-val-de-loire.direccte.gouv.fr\/Eure-et-Loir\">http:\/\/www.centre-val-de-loire.direccte.gouv.fr\/Eure-et-Loir<\/a><\/li>\r\n \t<li>France Travail &#8211;\u00a0Agence de Chartres Gare &#8211; Service IAE- 21 rue Pierre Nicole 28000 Chartres \u2013 <a href=\"http:\/\/www.pole-emploi.fr\">http:\/\/www.pole-emploi.fr<\/a><\/li>\r\n \t<li>Le Conseil\u00a0D\u00e9partemental d\u2019Eure et Loir\u00a0\u2013 Service Insertion 1 place Ch\u00e2telet 28000\u00a0Chartres \u2013 <a href=\"http:\/\/www.eurelien.fr\/\">http:\/\/www.eurelien.fr\/<\/a><\/li>\r\n \t<li>Agence de\u00a0Service et de Paiement \u2013 <a href=\"http:\/\/www.asp-public.fr\">http:\/\/www.asp-public.fr<\/a><\/li>\r\n \t<li>OPCO &#8211;\u00a0UNIFORMATION D\u00e9l\u00e9gation Centre Ouest &#8211; Technopolis II B\u00e2t.C 5 Boulevard Amp\u00e8re &#8211;\u00a044470 Carquefou \u2013 <a href=\"http:\/\/www.uniformation.fr\">http:\/\/www.uniformation.fr<\/a><\/li>\r\n \t<li>URSSAF\u00a0centre Val de Loire \u2013Antenne d\u2019Eure et Loir &#8211; 8 bis rue Charles Victor Garola \u201328000 Chartres \u2013 <a href=\"http:\/\/www.urssaf.fr\">http:\/\/www.urssaf.fr<\/a><\/li>\r\n \t<li>Caisse\u00a0Primaire d\u2019Assurance Maladie d\u2019Eure et Loir \u2013 11 rue du Docteur Andr\u00e9 Haye\u00a028034 Chartres \u2013 <a href=\"http:\/\/www.net-entreprises.fr\">http:\/\/www.net-entreprises.fr<\/a><\/li>\r\n \t<li>Caisse\u00a0d\u2019Allocations Familiales &#8211; 10 rue Charles Victor Garola \u2013 28000 Chartres \u2013 <a href=\"http:\/\/www.partenaires.caf.fr\">http:\/\/www.partenaires.caf.fr<\/a><\/li>\r\n \t<li>Service\u00a0Interprofessionnel de Sant\u00e9 au Travail en Eure et Loir &#8211; 21 rue Camille\r\nMarcille 28000 Chartres \u2013 <a href=\"http:\/\/www.sistel.asso.fr\">http:\/\/www.sistel.asso.fr<\/a><\/li>\r\n \t<li>Harmonie\u00a0Mutuelle Service Gestion Entreprises 3 avenue de la Fontaine Sainte Marguerite\r\n89000 Auxerre \u2013 <a href=\"http:\/\/harmonie-mutuelle.fr\">http:\/\/harmonie-mutuelle.fr<\/a><\/li>\r\n \t<li>Mutex \u2013\u00a0Mutuelle Chorum Pr\u00e9voyance 56\/60 rue Nationale 75013 Paris -http:\/\/www.chorumetvous.fr<\/li>\r\n<\/ul>\r\n\r\n\r\n\r\n\r\nL\u2019acc\u00e8s aux\u00a0donn\u00e9es personnelles est strictement limit\u00e9 aux salari\u00e9s de l\u2019entreprise de par\u00a0leur fonction (Directrice, Comptable, Chef d\u2019atelier) ainsi que les Membres du\u00a0bureau du Conseil d\u2019Administration de la Dame \u00e0 la Licorne. Ils sont habilit\u00e9s\u00a0\u00e0 les traiter ou les communiquer \u00e0 des tiers li\u00e9s \u00e0 La Dame \u00e0 la Licorne\u00a0:\r\n\r\n\r\n\r\n\r\n\r\n&#8211; Dans le\u00a0cadre du dispositif de gestion des salaires et de sa convention annuelle\u00a0d\u2019assistance \u00ab\u00a0Impact Emploi Association\u00a0:\r\n\r\n\r\n\r\n\r\n<ul class=\"wp-block-list\">\r\n \t<li>VIA28\u00a0 &#8211; All\u00e9e du G\u00e9n\u00e9ral Martial Valin 28000\u00a0Chartres &#8211; <a href=\"http:\/\/www.via28.asso.fr\">http:\/\/www.via28.asso.fr<\/a><\/li>\r\n<\/ul>\r\n\r\n\r\n\r\n\r\n&#8211; Dans le\u00a0cadre de sa convention annuelle \u00e9tablie aupr\u00e8s de son Commissaire aux\u00a0comptes\u00a0:\r\n\r\n\r\n\r\n\r\n<ul class=\"wp-block-list\">\r\n \t<li>IN EXTENSO &#8211;\u00a0Audit \u2013 1 rue Louis Pasteur 28630 Le Coudray \u2013 <a href=\"http:\/\/www.inextenso.fr\">http:\/\/www.inextenso.fr<\/a><\/li>\r\n<\/ul>\r\n\r\n\r\n\r\n\r\nCes tiers\u00a0n\u2019ont qu\u2019un acc\u00e8s limit\u00e9 aux donn\u00e9es et ont l\u2019obligation de les utiliser en\u00a0conformit\u00e9 avec les dispositions de la l\u00e9gislation en vigueur.\r\n\r\n\r\n\r\n\r\n\r\nLes\u00a0destinataires des donn\u00e9es sont \u00e0 ce jour int\u00e9gralement situ\u00e9s au sein de\u00a0l\u2019Union Europ\u00e9enne.\r\n\r\n\r\n\r\n\r\n\r\n<strong>DROITS SUR LES\u00a0DONNEES PERSONNELLES\u00a0:<\/strong>\r\n\r\n\r\n\r\n\r\n\r\nChaque personne dont\u00a0des donn\u00e9es personnelles ont \u00e9t\u00e9 collect\u00e9es et trait\u00e9es par la Dame \u00e0 la\u00a0Licorne b\u00e9n\u00e9ficie d\u2019un droit d\u2019acc\u00e8s, de rectification, de portabilit\u00e9 et\u00a0d\u2019effacement de ses donn\u00e9es ou encore de limitation de traitement. Chaque\u00a0personne peut \u00e9galement pour des motifs l\u00e9gitimes, s\u2019opposer au traitement des\u00a0donn\u00e9es la concernant.\r\n\r\n\r\n\r\n\r\n\r\nPour exercer ces\u00a0droits, vous pouvez, sous r\u00e9serve de la production d\u2019un justificatif d\u2019identit\u00e9\u00a0valide, contacter Mme Sylvie CHARRON, D\u00e9l\u00e9gu\u00e9e \u00e0 la Protection des Donn\u00e9es par\u00a0courrier ou mail\u00a0 aux coordonn\u00e9es suivantes\u00a0: La Dame \u00e0 la Licorne &#8211;\u00a0Sylvie CHARRON, Directrice, D.P.O. &#8211; Mail Jean de Dunois 28000 Chartres \u2013 email\u00a0: <a href=\"mailto:atelierlicorne@wanadoo.fr\">atelierlicorne@wanadoo.fr<\/a>\r\n\r\n\r\n\r\n\r\n\r\nEn cas de difficult\u00e9s\u00a0en lien avec la gestion de vos donn\u00e9es personnelles, vous pouvez contacter la\u00a0Commission Nationale de l\u2019Informatique et des Libert\u00e9s (<a href=\"http:\/\/www.cnil.fr\">www.cnil.fr<\/a>)\r\n\r\n\r\n\r\n\r\n\r\n<strong>PROPRIETES INTELLECTUELLES<\/strong>\r\n\r\n\r\n\r\n\r\n\r\nLa Dame \u00e0 la Licorne est propri\u00e9taire du contenu du site\u00a0<a href=\"http:\/\/localhost\/dame-a-la-licorne\">www.dame-a-la-licorne.com<\/a>, incluant, les images, photos, textes, logos ainsi que leur\u00a0mise en forme sont la propri\u00e9t\u00e9 exclusive de la Dame \u00e0 la Licorne \u00e0 l\u2019exception\u00a0des marques, logos ou contenus appartenant \u00e0 d\u2019autres soci\u00e9t\u00e9s partenaires ou\u00a0auteurs.\r\n\r\n\r\n\r\n\r\n\r\nToute\u00a0application, repr\u00e9sentation, modification, publication, adaptation de tout ou\u00a0partie des \u00e9l\u00e9ments du site, quel que soit le moyen ou le proc\u00e9d\u00e9 utilis\u00e9 est\u00a0interdite, sauf autorisation \u00e9crite pr\u00e9alable de la Dame \u00e0 la Licorne\r\n\r\n\r\n\r\n\r\n\r\nToute\u00a0repr\u00e9sentation ou reproduction, par quelque proc\u00e9d\u00e9 que ce soit, constitue une\u00a0contrefa\u00e7on sanctionn\u00e9e par les articles L.335-2 et suivants du Code de la\u00a0propri\u00e9t\u00e9 intellectuelle. Le non-respect de cette interdiction constitue une\u00a0contrefa\u00e7on pouvant engager la responsabilit\u00e9 civile et p\u00e9nale du\u00a0contrefacteur. En outre, les propri\u00e9taires des Contenus copi\u00e9s pourraient\u00a0intenter une action en justice \u00e0 votre encontre.\r\n\r\n","protected":false},"excerpt":{"rendered":"<p>MENTIONS LEGALES Conform\u00e9ment aux dispositions des Articles 6-III et 19 de la\u00a0Loi n\u00b02004-575 du 21 juin 2004 pour la Confiance dans l\u2019\u00e9conomie num\u00e9rique, dite L.C.E.N, il est port\u00e9 \u00e0 la connaissance des Utilisateurs du site http:\/\/localhost\/dame-a-la-licorne\u00a0les pr\u00e9sentes mentions l\u00e9gales. La connexion et la navigation sur le site (http:\/\/localhost\/dame-a-la-licorne) par\u00a0l\u2019Utilisateur implique acceptation int\u00e9grale et sans r\u00e9serve [&#038;hellip<\/p>\n","protected":false},"author":1,"featured_media":0,"parent":0,"menu_order":11,"comment_status":"closed","ping_status":"closed","template":"template-fullwidth.php","meta":{"footnotes":""},"class_list":["post-810","page","type-page","status-publish","hentry"],"_links":{"self":[{"href":"https:\/\/www.dame-a-la-licorne.com\/index.php?rest_route=\/wp\/v2\/pages\/810","targetHints":{"allow":["GET"]}}],"collection":[{"href":"https:\/\/www.dame-a-la-licorne.com\/index.php?rest_route=\/wp\/v2\/pages"}],"about":[{"href":"https:\/\/www.dame-a-la-licorne.com\/index.php?rest_route=\/wp\/v2\/types\/page"}],"author":[{"embeddable":true,"href":"https:\/\/www.dame-a-la-licorne.com\/index.php?rest_route=\/wp\/v2\/users\/1"}],"replies":[{"embeddable":true,"href":"https:\/\/www.dame-a-la-licorne.com\/index.php?rest_route=%2Fwp%2Fv2%2Fcomments&post=810"}],"version-history":[{"count":12,"href":"https:\/\/www.dame-a-la-licorne.com\/index.php?rest_route=\/wp\/v2\/pages\/810\/revisions"}],"predecessor-version":[{"id":2421,"href":"https:\/\/www.dame-a-la-licorne.com\/index.php?rest_route=\/wp\/v2\/pages\/810\/revisions\/2421"}],"wp:attachment":[{"href":"https:\/\/www.dame-a-la-licorne.com\/index.php?rest_route=%2Fwp%2Fv2%2Fmedia&parent=810"}],"curies":[{"name":"wp","href":"https:\/\/api.w.org\/{rel}","templated":true}]}}