{"id":99,"date":"2026-01-05T17:00:11","date_gmt":"2026-01-05T16:00:11","guid":{"rendered":"http:\/\/www2.dame-a-la-licorne.com\/?page_id=99"},"modified":"2026-02-24T12:42:25","modified_gmt":"2026-02-24T11:42:25","slug":"faites-un-don","status":"publish","type":"page","link":"https:\/\/www.dame-a-la-licorne.com\/","title":{"rendered":"Page d\u2019accueil"},"content":{"rendered":"<h1><strong>La Dame \u00e0 la Licorne\u00a0a besoin de vous\u00a0!<\/strong><\/h1>\n<p>Depuis pr\u00e8s de 30 ans, notre association\u00a0<strong>La Dame \u00e0 la Licorne<\/strong>\u00a0accompagne ses salari\u00e9s vers l\u2019emploi. Pour continuer \u00e0 soutenir notre mission, nous avons besoin de vous !<\/p>\n<p><a href=\"https:\/\/www.dame-a-la-licorne.com\/wp-content\/uploads\/2025\/01\/Faites-la-differences-en-\u00e9tant-solidaire-1.pdf.png\"><img loading=\"lazy\" decoding=\"async\" class=\"size-medium wp-image-2365 alignleft\" src=\"https:\/\/www.dame-a-la-licorne.com\/wp-content\/uploads\/2025\/01\/Faites-la-differences-en-\u00e9tant-solidaire-1.pdf-212x300.png\" alt=\"\" width=\"212\" height=\"300\" srcset=\"https:\/\/www.dame-a-la-licorne.com\/wp-content\/uploads\/2025\/01\/Faites-la-differences-en-\u00e9tant-solidaire-1.pdf-212x300.png 212w, https:\/\/www.dame-a-la-licorne.com\/wp-content\/uploads\/2025\/01\/Faites-la-differences-en-\u00e9tant-solidaire-1.pdf-768x1086.png 768w, https:\/\/www.dame-a-la-licorne.com\/wp-content\/uploads\/2025\/01\/Faites-la-differences-en-\u00e9tant-solidaire-1.pdf-724x1024.png 724w, https:\/\/www.dame-a-la-licorne.com\/wp-content\/uploads\/2025\/01\/Faites-la-differences-en-\u00e9tant-solidaire-1.pdf-254x360.png 254w, https:\/\/www.dame-a-la-licorne.com\/wp-content\/uploads\/2025\/01\/Faites-la-differences-en-\u00e9tant-solidaire-1.pdf.png 1587w\" sizes=\"auto, (max-width: 212px) 100vw, 212px\" \/><\/a><\/p>\n<h2>Chaque don compte pour nous aider \u00e0 poursuivre notre engagement solidaire.<\/h2>\n<p><strong>Soutenez nous et b\u00e9n\u00e9ficiez d\u2019une d\u00e9duction fiscale !<\/strong><\/p>\n<p><strong>Vous \u00eates un particulier ?<\/strong><br \/>\nVotre don est d\u00e9ductible \u00e0\u00a0<strong>66%<\/strong>\u00a0de vos imp\u00f4ts.<br \/>\n&#x27a1;&#xfe0f; Un don de\u00a0<strong>100\u20ac<\/strong>\u00a0ne vous co\u00fbtera que\u00a0<strong>34\u20ac<\/strong>\u00a0apr\u00e8s r\u00e9duction fiscale.<\/p>\n<p><strong>Vous \u00eates un professionnel ?<\/strong><br \/>\nVotre don est d\u00e9ductible \u00e0\u00a0<strong>60 %<\/strong>.<br \/>\n&#x27a1;&#xfe0f; Un don de\u00a0<strong>100\u20ac<\/strong>\u00a0vous reviendra \u00e0\u00a0<strong>40\u20ac<\/strong>\u00a0apr\u00e8s d\u00e9duction fiscale.<\/p>\n<h2><\/h2>\n<p><strong>Comment participer ?<\/strong><br \/>\n&#x2714;&#xfe0f; Faites un don sur notre cagnotte en ligne :\u00a0<a href=\"https:\/\/www.helloasso.com\/associations\/dame-a-la-licorne\/formulaires\/1\">Faire un don &#8211; Helloasso<\/a> (re\u00e7u fiscal d\u00e9livr\u00e9 au versement en ligne)<br \/>\n&#x2714;&#xfe0f; Ou envoyez un ch\u00e8que \u00e0 :<br \/>\n<em>La Dame \u00e0 la Licorne &#8211; Mail Jean de Dunois, Maison pour Tous, La Madeleine, 28000 Chartres<\/em><\/p>\n<p>Vous recevrez une attestation fiscale pour b\u00e9n\u00e9ficier de votre r\u00e9duction d\u2019imp\u00f4ts.<\/p>\n<p><strong>Gr\u00e2ce \u00e0 votre g\u00e9n\u00e9rosit\u00e9, nous pouvons atteindre nos objectifs !<\/strong>\u00a0Un immense merci pour votre soutien.<\/p>\n<p><strong>Tel administration: 02.37.36.80.72<\/strong><\/p>\n<h6 align=\"left\"><b>Tel atelier Cr\u00e9ations: 06 85 70 62 45 \u00a0<\/b><\/h6>\n<h6 align=\"left\"><b>Tel : atelier Locations : 06 80 92 21 24\u00a0<\/b><\/h6>\n","protected":false},"excerpt":{"rendered":"<p>La Dame \u00e0 la Licorne\u00a0a besoin de vous\u00a0! Depuis pr\u00e8s de 30 ans, notre association\u00a0La Dame \u00e0 la Licorne\u00a0accompagne ses salari\u00e9s vers l\u2019emploi. Pour continuer \u00e0 soutenir notre mission, nous avons besoin de vous ! Chaque don compte pour nous aider \u00e0 poursuivre notre engagement solidaire. Soutenez nous et b\u00e9n\u00e9ficiez d\u2019une d\u00e9duction fiscale ! Vous [&#038;hellip<\/p>\n","protected":false},"author":1,"featured_media":0,"parent":42,"menu_order":1,"comment_status":"closed","ping_status":"closed","template":"index-business.php","meta":{"footnotes":""},"class_list":["post-99","page","type-page","status-publish","hentry"],"_links":{"self":[{"href":"https:\/\/www.dame-a-la-licorne.com\/index.php?rest_route=\/wp\/v2\/pages\/99","targetHints":{"allow":["GET"]}}],"collection":[{"href":"https:\/\/www.dame-a-la-licorne.com\/index.php?rest_route=\/wp\/v2\/pages"}],"about":[{"href":"https:\/\/www.dame-a-la-licorne.com\/index.php?rest_route=\/wp\/v2\/types\/page"}],"author":[{"embeddable":true,"href":"https:\/\/www.dame-a-la-licorne.com\/index.php?rest_route=\/wp\/v2\/users\/1"}],"replies":[{"embeddable":true,"href":"https:\/\/www.dame-a-la-licorne.com\/index.php?rest_route=%2Fwp%2Fv2%2Fcomments&post=99"}],"version-history":[{"count":10,"href":"https:\/\/www.dame-a-la-licorne.com\/index.php?rest_route=\/wp\/v2\/pages\/99\/revisions"}],"predecessor-version":[{"id":2436,"href":"https:\/\/www.dame-a-la-licorne.com\/index.php?rest_route=\/wp\/v2\/pages\/99\/revisions\/2436"}],"up":[{"embeddable":true,"href":"https:\/\/www.dame-a-la-licorne.com\/index.php?rest_route=\/wp\/v2\/pages\/42"}],"wp:attachment":[{"href":"https:\/\/www.dame-a-la-licorne.com\/index.php?rest_route=%2Fwp%2Fv2%2Fmedia&parent=99"}],"curies":[{"name":"wp","href":"https:\/\/api.w.org\/{rel}","templated":true}]}}